{"id":4440,"date":"2020-11-06T22:39:05","date_gmt":"2020-11-06T21:39:05","guid":{"rendered":"https:\/\/www.ruhrpott-griller.de\/shop\/?page_id=4440"},"modified":"2025-11-04T12:35:13","modified_gmt":"2025-11-04T11:35:13","slug":"impressum","status":"publish","type":"page","link":"https:\/\/www.ruhrpott-griller.de\/shop\/impressum\/","title":{"rendered":"Impressum"},"content":{"rendered":"<div class=\"wpb-content-wrapper\"><p>[vc_row][vc_column width=&#8220;1\/2&#8243;][vc_column_text]<\/p>\n<h3>Angaben gem\u00e4\u00df \u00a7 5 TMG<\/h3>\n<p>Extrawurst GmbH<br \/>\nHornstra\u00dfe 34<br \/>\n45964 Gladbeck<\/p>\n<h3>Vertreten durch<\/h3>\n<p>Christoph Borutta (Gesch\u00e4ftsf\u00fchrer)<br \/>\nThorsten Rabe (Gesch\u00e4ftsf\u00fchrer)<\/p>\n<h3>Kontakt<\/h3>\n<p>Tel.: +49 (2043) 9574-0<br \/>\nFax: +49 (2043) 9574-10<br \/>\nE-Mail:\u00a0<a href=\"mailto:mail@menken.info\" target=\"_blank\" rel=\"noopener noreferrer\">mail@menken.info<\/a><\/p>\n<h3>Registereintrag<\/h3>\n<p>Eintragung im Handelsregister<br \/>\nRegistergericht: Amtsgericht Gelsenkirchen<br \/>\nRegisternummer: HRB 3709<\/p>\n<h3>Umsatzsteuer<\/h3>\n<p>Umsatzsteuer-Identifikationsnummer gem\u00e4\u00df \u00a727 a Umsatzsteuergesetz:<br \/>\nDE 124979211<\/p>\n<p>ILN-Nr. 4034322000000<br \/>\nD EV 307 EWG<br \/>\nD EV 637 EWG<\/p>\n<h3>Umsetzung &amp; Realisierung<\/h3>\n<p>saveon | design &amp; Management<br \/>\n<a href=\"https:\/\/www.saveon.de\" target=\"_blank\" rel=\"noopener\">www.saveon.de<\/a>[\/vc_column_text][\/vc_column][vc_column width=&#8220;1\/2&#8243;][vc_column_text]<\/p>\n<h3>Haftung f\u00fcr Inhalte<\/h3>\n<p>Als Diensteanbieter sind wir gem\u00e4\u00df \u00a7 7 Abs.1 TMG f\u00fcr eigene Inhalte auf diesen Seiten nach den allgemeinen Gesetzen verantwortlich. Nach \u00a7\u00a7 8 bis 10 TMG sind wir als Diensteanbieter jedoch nicht verpflichtet, \u00fcbermittelte oder gespeicherte fremde Informationen zu \u00fcberwachen oder nach Umst\u00e4nden zu forschen, die auf eine rechtswidrige T\u00e4tigkeit hinweisen.<\/p>\n<p>Verpflichtungen zur Entfernung oder Sperrung der Nutzung von Informationen nach den allgemeinen Gesetzen bleiben hiervon unber\u00fchrt. Eine diesbez\u00fcgliche Haftung ist jedoch erst ab dem Zeitpunkt der Kenntnis einer konkreten Rechtsverletzung m\u00f6glich. Bei Bekanntwerden von entsprechenden Rechtsverletzungen werden wir diese Inhalte umgehend entfernen.<\/p>\n<h3>Haftung f\u00fcr Links<\/h3>\n<p>Unser Angebot enth\u00e4lt Links zu externen Websites Dritter, auf deren Inhalte wir keinen Einfluss haben. Deshalb k\u00f6nnen wir f\u00fcr diese fremden Inhalte auch keine Gew\u00e4hr \u00fcbernehmen. F\u00fcr die Inhalte der verlinkten Seiten ist stets der jeweilige Anbieter oder Betreiber der Seiten verantwortlich. Die verlinkten Seiten wurden zum Zeitpunkt der Verlinkung auf m\u00f6gliche Rechtsverst\u00f6\u00dfe \u00fcberpr\u00fcft. Rechtswidrige Inhalte waren zum Zeitpunkt der Verlinkung nicht erkennbar.<\/p>\n<p>Eine permanente inhaltliche Kontrolle der verlinkten Seiten ist jedoch ohne konkrete Anhaltspunkte einer Rechtsverletzung nicht zumutbar. Bei Bekanntwerden von Rechtsverletzungen werden wir derartige Links umgehend entfernen.<\/p>\n<h3>Urheberrecht<\/h3>\n<p>Die durch die Seitenbetreiber erstellten Inhalte und Werke auf diesen Seiten unterliegen dem deutschen Urheberrecht. Die Vervielf\u00e4ltigung, Bearbeitung, Verbreitung und jede Art der Verwertung au\u00dferhalb der Grenzen des Urheberrechtes bed\u00fcrfen der schriftlichen Zustimmung des jeweiligen Autors bzw. Erstellers. Downloads und Kopien dieser Seite sind nur f\u00fcr den privaten, nicht kommerziellen Gebrauch gestattet.<\/p>\n<p>Soweit die Inhalte auf dieser Seite nicht vom Betreiber erstellt wurden, werden die Urheberrechte Dritter beachtet. Insbesondere werden Inhalte Dritter als solche gekennzeichnet. Sollten Sie trotzdem auf eine Urheberrechtsverletzung aufmerksam werden, bitten wir um einen entsprechenden Hinweis. Bei Bekanntwerden von Rechtsverletzungen werden wir derartige Inhalte umgehend entfernen.[\/vc_column_text][\/vc_column][\/vc_row][vc_row][vc_column][vc_column_text]<\/p>\n<h3>Streitschlichtung<\/h3>\n<p>Die Europ\u00e4ische Kommission stellt eine Plattform zur Online-Streitbeilegung (OS) bereit:\u00a0<a href=\"https:\/\/ec.europa.eu\/consumers\/odr\" target=\"_blank\" rel=\"noopener noreferrer\">https:\/\/ec.europa.eu\/consumers\/odr<\/a>.<br \/>\nUnsere E-Mail-Adresse finden Sie oben im Impressum.<\/p>\n<p>Wir sind nicht bereit oder verpflichtet, an Streitbeilegungsverfahren vor einer Verbraucherschlichtungsstelle teilzunehmen.[\/vc_column_text][\/vc_column][\/vc_row][vc_row][vc_column][vc_column_text]<\/p>\n<h3>Ma\u00dfnahmen zur Verifizierung von Shop und Produkt Bewertungen<\/h3>\n<p><strong>Shop Bewertungen<\/strong><br \/>\nJede Verbraucherbewertung wird vor ihrer Ver\u00f6ffentlichung auf ihre Echtheit \u00fcberpr\u00fcft, sodass sichergestellt ist, dass Bewertungen nur von Verbrauchern stammen, die die bewerteten Produkte auch tats\u00e4chlich erworben\/genutzt haben. Die \u00dcberpr\u00fcfung geschieht durch \u00dcbermittlung individualisierter Links an Verbraucher nach Abschluss einer Online-Bestellung, die zu einem Online-Bewertungsformular f\u00fchren und die sicherstellen, dass der Zugang zur Bewertungsfunktion nur solchen Verbrauchern gew\u00e4hrt wird, die ein Produkt auch tats\u00e4chlich erworben haben.<\/p>\n<p><strong>Produkt Bewertungen<\/strong><br \/>\nDie Bewertungen werden vor ihrer Ver\u00f6ffentlichung nicht auf ihre Echtheit \u00fcberpr\u00fcft. Sie k\u00f6nnen daher auch von Verbrauchern stammen, die die bewerteten Produkte tats\u00e4chlich gar nicht erworben\/genutzt haben.[\/vc_column_text][\/vc_column][\/vc_row]<br \/>\n<div class=\"woocommerce woocommerce-gzd woocommerce-gzd-complaints-shortcode\">\n\t\t\t<h3>Alternative Streitbeilegung gem\u00e4\u00df Art. 14 Abs. 1 ODR-VO und \u00a7 36 VSBG:<\/h3>\n\t\nZur Teilnahme an einem Streitbeilegungsverfahren vor einer Verbraucherschlichtungsstelle sind wir nicht verpflichtet und nicht bereit.<\/div>\n<\/div>","protected":false},"excerpt":{"rendered":"<p>[vc_row][vc_column width=&#8220;1\/2&#8243;][vc_column_text] Angaben gem\u00e4\u00df \u00a7 5 TMG Extrawurst GmbH Hornstra\u00dfe 34 45964 Gladbeck Vertreten durch Christoph Borutta (Gesch\u00e4ftsf\u00fchrer) Thorsten Rabe (Gesch\u00e4ftsf\u00fchrer) Kontakt Tel.: +49 (2043) 9574-0 Fax: +49 (2043) 9574-10 E-Mail:\u00a0mail@menken.info Registereintrag Eintragung im Handelsregister Registergericht: Amtsgericht Gelsenkirchen Registernummer: HRB 3709 Umsatzsteuer Umsatzsteuer-Identifikationsnummer gem\u00e4\u00df \u00a727 a Umsatzsteuergesetz: DE 124979211 ILN-Nr. 4034322000000 D EV 307 EWG [&hellip;]<\/p>\n","protected":false},"author":1,"featured_media":0,"parent":0,"menu_order":0,"comment_status":"closed","ping_status":"closed","template":"","meta":{"footnotes":""},"class_list":["post-4440","page","type-page","status-publish","hentry"],"_links":{"self":[{"href":"https:\/\/www.ruhrpott-griller.de\/shop\/wp-json\/wp\/v2\/pages\/4440","targetHints":{"allow":["GET"]}}],"collection":[{"href":"https:\/\/www.ruhrpott-griller.de\/shop\/wp-json\/wp\/v2\/pages"}],"about":[{"href":"https:\/\/www.ruhrpott-griller.de\/shop\/wp-json\/wp\/v2\/types\/page"}],"author":[{"embeddable":true,"href":"https:\/\/www.ruhrpott-griller.de\/shop\/wp-json\/wp\/v2\/users\/1"}],"replies":[{"embeddable":true,"href":"https:\/\/www.ruhrpott-griller.de\/shop\/wp-json\/wp\/v2\/comments?post=4440"}],"version-history":[{"count":7,"href":"https:\/\/www.ruhrpott-griller.de\/shop\/wp-json\/wp\/v2\/pages\/4440\/revisions"}],"predecessor-version":[{"id":6749,"href":"https:\/\/www.ruhrpott-griller.de\/shop\/wp-json\/wp\/v2\/pages\/4440\/revisions\/6749"}],"wp:attachment":[{"href":"https:\/\/www.ruhrpott-griller.de\/shop\/wp-json\/wp\/v2\/media?parent=4440"}],"curies":[{"name":"wp","href":"https:\/\/api.w.org\/{rel}","templated":true}]}}