{"id":4447,"date":"2020-11-06T22:43:00","date_gmt":"2020-11-06T21:43:00","guid":{"rendered":"https:\/\/www.ruhrpott-griller.de\/shop\/?page_id=4447"},"modified":"2021-03-11T19:39:39","modified_gmt":"2021-03-11T18:39:39","slug":"zahlung-versand","status":"publish","type":"page","link":"https:\/\/www.ruhrpott-griller.de\/shop\/zahlung-versand\/","title":{"rendered":"Zahlung &#038; Versand"},"content":{"rendered":"<div class=\"wpb-content-wrapper\"><p>[vc_row][vc_column width=&#8220;1\/2&#8243;][vc_custom_heading text=&#8220;Versandinformationen&#8220; use_theme_fonts=&#8220;yes&#8220;][vc_column_text]Wir versenden standardm\u00e4\u00dfig nur innerhalb Deutschlands.<\/p>\n<p>Der Versand erfolgt per DHL.<\/p>\n<p>F\u00fcr den Versand berechnen wir pauschal pro Bestellung 4,90 Euro.[\/vc_column_text][vc_single_image image=&#8220;4879&#8243; img_size=&#8220;large&#8220;][\/vc_column][vc_column width=&#8220;1\/2&#8243;][vc_custom_heading text=&#8220;Zahlungsinformationen&#8220; use_theme_fonts=&#8220;yes&#8220;][vc_column_text]<\/p>\n<ul>\n<li><strong>Zahlung via PayPal<\/strong><br \/>\nZahle \u00fcber den Zahlungsdienstleister PayPal und nutze dazu die in Deinem PayPal-Kundenkonto hinterlegten Informationen, ohne Deine Zahlungsinformationen erneut eingeben zu m\u00fcssen. N\u00e4here Informationen zur Zahlung \u00fcber PayPal findest Du unter <a href=\"https:\/\/www.paypal-deutschland.de\/privatkunden\/\" target=\"_blank\" rel=\"noopener noreferrer\">https:\/\/www.paypal-deutschland.de\/privatkunden\/<\/a>.<\/li>\n<li><strong>Klarna \/ Sofort\u00fcberweisung<\/strong><br \/>\nZahle direkt mit deiner Bankverbindung. Wir akzeptieren nur Konten innerhalb Deutschlands.<\/li>\n<li><strong>Kreditkarte<\/strong><br \/>\nZahle bequem per Kreditkarte. Wir akzeptieren folgende Kreditkarten: Visa und Mastercard.<\/li>\n<li><strong>Vorkasse per \u00dcberweisung<\/strong><br \/>\nBei Bezahlung mit Vorkasse \u00fcberweise den Rechnungsbetrag innerhalb von sieben Kalendertagen unter Angabe der Zahlungsreferenz.<\/li>\n<\/ul>\n<p>[\/vc_column_text][vc_single_image image=&#8220;5407&#8243; img_size=&#8220;large&#8220;][\/vc_column][\/vc_row]<\/p>\n<\/div>","protected":false},"excerpt":{"rendered":"<p>[vc_row][vc_column width=&#8220;1\/2&#8243;][vc_custom_heading text=&#8220;Versandinformationen&#8220; use_theme_fonts=&#8220;yes&#8220;][vc_column_text]Wir versenden standardm\u00e4\u00dfig nur innerhalb Deutschlands. Der Versand erfolgt per DHL. F\u00fcr den Versand berechnen wir pauschal pro Bestellung 4,90 Euro.[\/vc_column_text][vc_single_image image=&#8220;4879&#8243; img_size=&#8220;large&#8220;][\/vc_column][vc_column width=&#8220;1\/2&#8243;][vc_custom_heading text=&#8220;Zahlungsinformationen&#8220; use_theme_fonts=&#8220;yes&#8220;][vc_column_text] Zahlung via PayPal Zahle \u00fcber den Zahlungsdienstleister PayPal und nutze dazu die in Deinem PayPal-Kundenkonto hinterlegten Informationen, ohne Deine Zahlungsinformationen erneut eingeben zu m\u00fcssen. N\u00e4here Informationen [&hellip;]<\/p>\n","protected":false},"author":1,"featured_media":0,"parent":0,"menu_order":0,"comment_status":"closed","ping_status":"closed","template":"","meta":{"footnotes":""},"class_list":["post-4447","page","type-page","status-publish","hentry"],"_links":{"self":[{"href":"https:\/\/www.ruhrpott-griller.de\/shop\/wp-json\/wp\/v2\/pages\/4447","targetHints":{"allow":["GET"]}}],"collection":[{"href":"https:\/\/www.ruhrpott-griller.de\/shop\/wp-json\/wp\/v2\/pages"}],"about":[{"href":"https:\/\/www.ruhrpott-griller.de\/shop\/wp-json\/wp\/v2\/types\/page"}],"author":[{"embeddable":true,"href":"https:\/\/www.ruhrpott-griller.de\/shop\/wp-json\/wp\/v2\/users\/1"}],"replies":[{"embeddable":true,"href":"https:\/\/www.ruhrpott-griller.de\/shop\/wp-json\/wp\/v2\/comments?post=4447"}],"version-history":[{"count":7,"href":"https:\/\/www.ruhrpott-griller.de\/shop\/wp-json\/wp\/v2\/pages\/4447\/revisions"}],"predecessor-version":[{"id":5409,"href":"https:\/\/www.ruhrpott-griller.de\/shop\/wp-json\/wp\/v2\/pages\/4447\/revisions\/5409"}],"wp:attachment":[{"href":"https:\/\/www.ruhrpott-griller.de\/shop\/wp-json\/wp\/v2\/media?parent=4447"}],"curies":[{"name":"wp","href":"https:\/\/api.w.org\/{rel}","templated":true}]}}