{"id":4465,"date":"2020-11-09T15:57:46","date_gmt":"2020-11-09T14:57:46","guid":{"rendered":"https:\/\/www.ruhrpott-griller.de\/shop\/?page_id=4465"},"modified":"2024-11-26T20:29:44","modified_gmt":"2024-11-26T19:29:44","slug":"bewerbung","status":"publish","type":"page","link":"https:\/\/www.ruhrpott-griller.de\/shop\/bewerbung\/","title":{"rendered":"Bewerbung"},"content":{"rendered":"<div class=\"wpb-content-wrapper\"><p>[vc_row rt_row_background_width=&#8220;fullwidth&#8220; rt_row_content_width=&#8220;default&#8220; rt_row_style=&#8220;light-style&#8220; rt_row_height=&#8220;&#8220; rt_column_gaps=&#8220;&#8220; rt_row_shadows=&#8220;&#8220; rt_row_borders=&#8220;&#8220; rt_bg_effect=&#8220;classic&#8220; rt_bg_image_repeat=&#8220;repeat&#8220; rt_bg_size=&#8220;cover&#8220; rt_bg_position=&#8220;right top&#8220; rt_bg_attachment=&#8220;scroll&#8220; rt_bg_layer=&#8220;&#8220; rt_bg_video_format=&#8220;self-hosted&#8220; rt_row_paddings=&#8220;true&#8220; rt_padding_top=&#8220;180&#8243; rt_padding_bottom=&#8220;180&#8243; rt_bg_image=&#8220;4466&#8243; rt_margin_bottom=&#8220;80&#8243; rt_class=&#8220;rt-4147899&#8243; rt_paddings=&#8220;60,60,,&#8220; rt_margins=&#8220;,,,&#8220; rt_content_margins=&#8220;,,,&#8220; rt_tablet_paddings=&#8220;,,,&#8220; rt_tablet_margins=&#8220;,,,&#8220; rt_tablet_content_margins=&#8220;,,,&#8220; rt_sp_paddings=&#8220;,,,&#8220; rt_sp_margins=&#8220;,,,&#8220; rt_sp_content_margins=&#8220;,,,&#8220;][vc_column width=&#8220;1\/2&#8243; rt_bg_effect=&#8220;classic&#8220; rt_bg_image_repeat=&#8220;repeat&#8220; rt_bg_size=&#8220;auto auto&#8220; rt_bg_position=&#8220;right top&#8220; rt_bg_attachment=&#8220;scroll&#8220; rt_col_paddings=&#8220;true&#8220; rt_wrp_col_paddings=&#8220;false&#8220;][vc_single_image image=&#8220;4433&#8243; img_size=&#8220;large&#8220;][vc_custom_heading text=&#8220;Jobs &amp; Karriere&#8220; font_container=&#8220;tag:h3|text_align:left&#8220; use_theme_fonts=&#8220;yes&#8220;][vc_column_text]Wurst ist nicht gleich Wurst! Zur Produktion unserer Wurstwaren verwenden wir hochwertige Rohstoffe von ausgew\u00e4hlten Lieferanten aus der Region, denn das erspart lange Wege und erleichtert den regelm\u00e4\u00dfigen Kontakt.<\/p>\n<p>Wir nehmen uns immer noch viel Zeit, das Fleisch auszuw\u00e4hlen und es mit Sorgfalt zu verarbeiten. So erreicht jedes unserer Produkte seine au\u00dfergew\u00f6hnliche Qualit\u00e4t. Frische Zutaten, ein geringer Fettgehalt und eine schonende Zubereitung \u2013 das sind die Anspr\u00fcche des modernen Verbrauchers im Rahmen einer gesunden und ausgewogenen Ern\u00e4hrung.<\/p>\n<p>Unsere Wurstspezialit\u00e4ten, ob Br\u00fch-, Bock- oder Grillw\u00fcrste, Gefl\u00fcgelwurst, Roh- und Kochwurst, garantieren modernen und unbeschwerten Genuss sowie einen herzhaft feinen Geschmack zugleich \u2013 probieren Sie, Sie werden begeistert sein![\/vc_column_text][vc_single_image image=&#8220;5172&#8243; img_size=&#8220;full&#8220;][vc_single_image image=&#8220;5173&#8243; img_size=&#8220;large&#8220;][\/vc_column][vc_column width=&#8220;1\/2&#8243;]\n<div class=\"wpcf7 no-js\" id=\"wpcf7-f5152-o1\" lang=\"de-DE\" dir=\"ltr\" data-wpcf7-id=\"5152\">\n<div class=\"screen-reader-response\"><p role=\"status\" aria-live=\"polite\" aria-atomic=\"true\"><\/p> <ul><\/ul><\/div>\n<form action=\"\/shop\/wp-json\/wp\/v2\/pages\/4465#wpcf7-f5152-o1\" method=\"post\" class=\"wpcf7-form init\" aria-label=\"Kontaktformular\" novalidate=\"novalidate\" data-status=\"init\">\n<fieldset class=\"hidden-fields-container\"><input type=\"hidden\" name=\"_wpcf7\" value=\"5152\" \/><input type=\"hidden\" name=\"_wpcf7_version\" value=\"6.1.5\" \/><input type=\"hidden\" name=\"_wpcf7_locale\" value=\"de_DE\" \/><input type=\"hidden\" name=\"_wpcf7_unit_tag\" value=\"wpcf7-f5152-o1\" \/><input type=\"hidden\" name=\"_wpcf7_container_post\" value=\"0\" \/><input type=\"hidden\" name=\"_wpcf7_posted_data_hash\" value=\"\" \/>\n<\/fieldset>\n<div class=\"wprt-appointment-form\">\n\t<div class=\"appointment-form\">\n\t\t<div class=\"contact-wrap clearfix\">\n\t\t\t<div class=\"wprt-divider has-icon height-1px\">\n\t\t\t\t<div class=\"divider-icon\">\n\t\t\t\t\t<span class=\"divider-icon-before divider-center divider-double\"><\/span>\n\t\t\t\t\t<h2 class=\"title\">Kurzbewerbung<\/h2>\n\t\t\t\t\t<span class=\"divider-icon-after divider-center divider-double\"><\/span>\n\t\t\t\t<\/div>\n\t\t\t<\/div>\n\t\t\t<div class=\"wprt-spacer clearfix\" data-desktop=\"15\" data-mobi=\"15\" data-smobi=\"15\"><\/div>\n\n\t\t\t<div class=\"form-control-wrap your-name\">\n\t\t\t\t<span class=\"wpcf7-form-control-wrap\" data-name=\"your-name\"><input size=\"40\" maxlength=\"400\" class=\"wpcf7-form-control wpcf7-text wpcf7-validates-as-required form-control\" aria-required=\"true\" aria-invalid=\"false\" placeholder=\"Dein Vor- und Nachname *\" value=\"\" type=\"text\" name=\"your-name\" \/><\/span>\n\t\t\t<\/div>\n\t\t\t<div class=\"form-control-wrap your-phone\">\n\t\t\t\t<span class=\"wpcf7-form-control-wrap\" data-name=\"your-phone\"><input size=\"40\" maxlength=\"400\" class=\"wpcf7-form-control wpcf7-tel wpcf7-validates-as-required wpcf7-text wpcf7-validates-as-tel form-control\" aria-required=\"true\" aria-invalid=\"false\" placeholder=\"Telefon\/Mobil *\" value=\"\" type=\"tel\" name=\"your-phone\" \/><\/span>\n\t\t\t<\/div>\n\t\t\t<div class=\"form-control-wrap your-email\">\n\t\t\t\t<span class=\"wpcf7-form-control-wrap\" data-name=\"your-email\"><input size=\"40\" maxlength=\"400\" class=\"wpcf7-form-control wpcf7-email wpcf7-validates-as-required wpcf7-text wpcf7-validates-as-email form-control\" aria-required=\"true\" aria-invalid=\"false\" placeholder=\"E-Mail-Adresse *\" value=\"\" type=\"email\" name=\"your-email\" \/><\/span>\n\t\t\t<\/div>\n\t\t\t<div class=\"form-control-wrap your-prefer\">\n<br>\t\t\t\t\n<p>Wie m\u00f6chest Du von uns kontaktiert werden? *<\/p>\n                                <span class=\"wpcf7-form-control-wrap\" data-name=\"method\"><span class=\"wpcf7-form-control wpcf7-radio\"><span class=\"wpcf7-list-item first\"><label><input type=\"radio\" name=\"method\" value=\"Telefon\" checked=\"checked\" \/><span class=\"wpcf7-list-item-label\">Telefon<\/span><\/label><\/span><span class=\"wpcf7-list-item\"><label><input type=\"radio\" name=\"method\" value=\"Email\" \/><span class=\"wpcf7-list-item-label\">Email<\/span><\/label><\/span><span class=\"wpcf7-list-item last\"><label><input type=\"radio\" name=\"method\" value=\"beide Methoden\" \/><span class=\"wpcf7-list-item-label\">beide Methoden<\/span><\/label><\/span><\/span><\/span>\n\t\t\t<\/div>\n\t\t<\/div>\n                <div class=\"wprt-spacer clearfix\" data-desktop=\"22\" data-mobi=\"22\" data-smobi=\"22\"><\/div>\n\t\t<div class=\"vehicle-wrap clearfix\">\n\t\t\t<div class=\"wprt-divider has-icon height-1px\">\n\t\t\t\t<div class=\"divider-icon\">\n\t\t\t\t\t<span class=\"divider-icon-before divider-center divider-double\"><\/span>\n                                        <h4 class=\"title\">Zu deiner Person<\/h4>\n                                        <span class=\"divider-icon-after divider-center divider-double\"><\/span>\n\t\t\t\t<\/div>\n\t\t\t<\/div>\n\t\t\t<div class=\"wprt-spacer clearfix\" data-desktop=\"15\" data-mobi=\"15\" data-smobi=\"15\"><\/div>\n\t\t\t\t<span class=\"wpcf7-form-control-wrap\" data-name=\"your-make\"><input size=\"40\" maxlength=\"400\" class=\"wpcf7-form-control wpcf7-text wpcf7-validates-as-required form-control\" aria-required=\"true\" aria-invalid=\"false\" placeholder=\"Gelernter Job - mind. 3 Jahre am St\u00fcck *\" value=\"\" type=\"text\" name=\"your-make\" \/><\/span>\n\t\t\t\t<span class=\"wpcf7-form-control-wrap\" data-name=\"your-model\"><input size=\"40\" maxlength=\"400\" class=\"wpcf7-form-control wpcf7-text wpcf7-validates-as-required form-control\" aria-required=\"true\" aria-invalid=\"false\" placeholder=\"Letzer Arbeitgeber - der gut zu dir war *\" value=\"\" type=\"text\" name=\"your-model\" \/><\/span>\n\t\t\t\t<span class=\"wpcf7-form-control-wrap\" data-name=\"your-year\"><input size=\"40\" maxlength=\"400\" class=\"wpcf7-form-control wpcf7-text form-control\" aria-invalid=\"false\" placeholder=\"In welcher Branche warst Du zuletzt t\u00e4tig?\" value=\"\" type=\"text\" name=\"your-year\" \/><\/span>\n\t\t\t\t<span class=\"wpcf7-form-control-wrap\" data-name=\"your-mileage\"><input size=\"40\" maxlength=\"400\" class=\"wpcf7-form-control wpcf7-text form-control\" aria-invalid=\"false\" placeholder=\"Familienstand - wenn vorhanden\" value=\"\" type=\"text\" name=\"your-mileage\" \/><\/span>\n\t\t\t\t<span class=\"wpcf7-form-control-wrap\" data-name=\"your-license\"><input size=\"40\" maxlength=\"400\" class=\"wpcf7-form-control wpcf7-text wpcf7-validates-as-required form-control\" aria-required=\"true\" aria-invalid=\"false\" placeholder=\"Gehaltswunsch - also, auf die Kralle *\" value=\"\" type=\"text\" name=\"your-license\" \/><\/span>\n\n\t\t\t\tWie m\u00f6chtest Du besch\u00e4ftigt werden? *:\n\t\t\t\t<span class=\"wpcf7-form-control-wrap\" data-name=\"needed\"><span class=\"wpcf7-form-control wpcf7-radio\"><span class=\"wpcf7-list-item first\"><label><input type=\"radio\" name=\"needed\" value=\"Mini-Job (12 Std.\/Mon.)\" checked=\"checked\" \/><span class=\"wpcf7-list-item-label\">Mini-Job (12 Std.\/Mon.)<\/span><\/label><\/span><span class=\"wpcf7-list-item\"><label><input type=\"radio\" name=\"needed\" value=\"Teilzeit (24 Std.\/Mon.)\" \/><span class=\"wpcf7-list-item-label\">Teilzeit (24 Std.\/Mon.)<\/span><\/label><\/span><span class=\"wpcf7-list-item last\"><label><input type=\"radio\" name=\"needed\" value=\"Vollzeit\" \/><span class=\"wpcf7-list-item-label\">Vollzeit<\/span><\/label><\/span><\/span><\/span>\n\t\t<\/div>\n                <div class=\"wprt-spacer clearfix\" data-desktop=\"22\" data-mobi=\"22\" data-smobi=\"22\"><\/div>\n\t\t<div class=\"appointment-wrap clearfix\">\n\t\t\t<div class=\"wprt-divider has-icon height-1px\">\n\t\t\t\t<div class=\"divider-icon\">\n\t\t\t\t\t<span class=\"divider-icon-before divider-center divider-double\"><\/span>\n\t\t\t\t\tAb wann k\u00f6nntest Du bei uns beginnen?\n\t\t\t\t\t<span class=\"divider-icon-after divider-center divider-double\"><\/span>\n\t\t\t\t<\/div>\n\t\t\t<\/div>\n\t\t\t<div class=\"wprt-spacer clearfix\" data-desktop=\"15\" data-mobi=\"15\" data-smobi=\"15\"><\/div>\n\n\t\t\t<div class=\"form-control-wrap your-date\">\n\t\t\t\t<span class=\"wpcf7-form-control-wrap\" data-name=\"your-date\"><input size=\"40\" maxlength=\"400\" class=\"wpcf7-form-control wpcf7-text wpcf7-validates-as-required\" id=\"datepicker\" aria-required=\"true\" aria-invalid=\"false\" placeholder=\"Datum *\" value=\"\" type=\"text\" name=\"your-date\" \/><\/span>\n\t\t\t<\/div>\n                        <div class=\"text-left\">\n\t\t\t     <span class=\"form-control-wrap your-pickup\">\n\t\t\t\tM\u00f6chtest Du weitere Informationen \u00fcber uns bekommen? - Keine Newsletter!\n\t\t\t\t<span class=\"wpcf7-form-control-wrap\" data-name=\"pickup\"><span class=\"wpcf7-form-control wpcf7-radio\"><span class=\"wpcf7-list-item first\"><label><input type=\"radio\" name=\"pickup\" value=\"Ja\" \/><span class=\"wpcf7-list-item-label\">Ja<\/span><\/label><\/span><span class=\"wpcf7-list-item last\"><label><input type=\"radio\" name=\"pickup\" value=\"Nein\" \/><span class=\"wpcf7-list-item-label\">Nein<\/span><\/label><\/span><\/span><\/span>\n\t\t\t     <\/span>\n                        <\/div>\n                        <div class=\"wprt-spacer clearfix\" data-desktop=\"15\" data-mobi=\"15\" data-smobi=\"15\"><\/div>\n\t\t<\/div>\n\t\t<div class=\"addition-wrap\">\n\t\t\t<span class=\"form-control-wrap your-message\">\n\t\t\t\t<span class=\"wpcf7-form-control-wrap\" data-name=\"your-message\"><textarea cols=\"40\" rows=\"10\" maxlength=\"2000\" class=\"wpcf7-form-control wpcf7-textarea textarea\" aria-invalid=\"false\" placeholder=\"Freiwillige Informationen \u00fcber dich\" name=\"your-message\"><\/textarea><\/span>\n\t\t\t<\/span>\n\t\t<\/div><\/div>\n<div class=\"col-lg-6\">\n        <div class=\"form-group\">\n            <span class=\"wpcf7-form-control-wrap\" data-name=\"your-captcha\"><input size=\"40\" class=\"wpcf7-form-control wpcf7-captchar form-control wysija-input\" id=\"contact-captcha\" autocomplete=\"off\" aria-invalid=\"false\" placeholder=\"Gebe hier den Code ein:\" value=\"\" type=\"text\" name=\"your-captcha\" \/><\/span><input type=\"hidden\" name=\"_wpcf7_captcha_challenge_your-captcha\" value=\"922068116\" \/><img loading=\"lazy\" decoding=\"async\" class=\"wpcf7-form-control wpcf7-captchac wpcf7-captcha-your-captcha\" width=\"72\" height=\"24\" alt=\"captcha\" src=\"https:\/\/www.ruhrpott-griller.de\/shop\/wp-content\/uploads\/wpcf7_captcha\/922068116.png\" \/>\n        <\/div>\n    <\/div>\n\nIch akzeptiere die Datenschutzbestimmung: <span class=\"wpcf7-form-control-wrap\" data-name=\"datenschutzerklrung\"><span class=\"wpcf7-form-control wpcf7-acceptance\"><span class=\"wpcf7-list-item\"><input type=\"checkbox\" name=\"datenschutzerklrung\" value=\"1\" aria-invalid=\"false\" \/><\/span><\/span><\/span>\n\n\t\t<div class=\"wrap-submit\">\n\t\t\t<input class=\"wpcf7-form-control wpcf7-submit has-spinner submit\" type=\"submit\" value=\"Kurzbewerbung senden\" \/>\n\t\t<\/div>\n\t<\/div>\n<\/div><div class=\"wpcf7-response-output\" aria-hidden=\"true\"><\/div>\n<\/form>\n<\/div>\n[\/vc_column][\/vc_row][vc_row rt_row_background_width=&#8220;fullwidth&#8220; rt_row_content_width=&#8220;default&#8220; rt_row_style=&#8220;default-style&#8220; rt_row_height=&#8220;&#8220; rt_column_gaps=&#8220;&#8220; rt_row_shadows=&#8220;&#8220; rt_row_borders=&#8220;&#8220; rt_bg_effect=&#8220;classic&#8220; rt_bg_image_repeat=&#8220;repeat&#8220; rt_bg_size=&#8220;cover&#8220; rt_bg_position=&#8220;right top&#8220; rt_bg_attachment=&#8220;scroll&#8220; rt_bg_layer=&#8220;&#8220; rt_bg_video_format=&#8220;self-hosted&#8220; rt_row_paddings=&#8220;true&#8220; rt_overlap=&#8220;true&#8220; rt_padding_top=&#8220;60&#8243; rt_padding_bottom=&#8220;60&#8243; rt_class=&#8220;rt-9285732&#8243; rt_paddings=&#8220;60,60,,&#8220; rt_margins=&#8220;,,,&#8220; rt_content_margins=&#8220;,,,&#8220; rt_tablet_paddings=&#8220;,,,&#8220; rt_tablet_margins=&#8220;,,,&#8220; rt_tablet_content_margins=&#8220;,,,&#8220; rt_sp_paddings=&#8220;,,,&#8220; rt_sp_margins=&#8220;,,,&#8220; rt_sp_content_margins=&#8220;,,,&#8220;][vc_column rt_bg_effect=&#8220;classic&#8220; rt_bg_image_repeat=&#8220;repeat&#8220; rt_bg_size=&#8220;auto auto&#8220; rt_bg_position=&#8220;right top&#8220; rt_bg_attachment=&#8220;scroll&#8220; rt_col_paddings=&#8220;true&#8220; rt_wrp_col_paddings=&#8220;false&#8220;][\/vc_column][\/vc_row][vc_row][vc_column][\/vc_column][\/vc_row]<\/p>\n<\/div>","protected":false},"excerpt":{"rendered":"<p>[vc_row rt_row_background_width=&#8220;fullwidth&#8220; rt_row_content_width=&#8220;default&#8220; rt_row_style=&#8220;light-style&#8220; rt_row_height=&#8220;&#8220; rt_column_gaps=&#8220;&#8220; rt_row_shadows=&#8220;&#8220; rt_row_borders=&#8220;&#8220; rt_bg_effect=&#8220;classic&#8220; rt_bg_image_repeat=&#8220;repeat&#8220; rt_bg_size=&#8220;cover&#8220; rt_bg_position=&#8220;right top&#8220; rt_bg_attachment=&#8220;scroll&#8220; rt_bg_layer=&#8220;&#8220; rt_bg_video_format=&#8220;self-hosted&#8220; rt_row_paddings=&#8220;true&#8220; rt_padding_top=&#8220;180&#8243; rt_padding_bottom=&#8220;180&#8243; rt_bg_image=&#8220;4466&#8243; rt_margin_bottom=&#8220;80&#8243; rt_class=&#8220;rt-4147899&#8243; rt_paddings=&#8220;60,60,,&#8220; rt_margins=&#8220;,,,&#8220; rt_content_margins=&#8220;,,,&#8220; rt_tablet_paddings=&#8220;,,,&#8220; rt_tablet_margins=&#8220;,,,&#8220; rt_tablet_content_margins=&#8220;,,,&#8220; rt_sp_paddings=&#8220;,,,&#8220; rt_sp_margins=&#8220;,,,&#8220; rt_sp_content_margins=&#8220;,,,&#8220;][vc_column width=&#8220;1\/2&#8243; rt_bg_effect=&#8220;classic&#8220; rt_bg_image_repeat=&#8220;repeat&#8220; rt_bg_size=&#8220;auto auto&#8220; rt_bg_position=&#8220;right top&#8220; rt_bg_attachment=&#8220;scroll&#8220; rt_col_paddings=&#8220;true&#8220; rt_wrp_col_paddings=&#8220;false&#8220;][vc_single_image image=&#8220;4433&#8243; img_size=&#8220;large&#8220;][vc_custom_heading text=&#8220;Jobs &amp; Karriere&#8220; font_container=&#8220;tag:h3|text_align:left&#8220; use_theme_fonts=&#8220;yes&#8220;][vc_column_text]Wurst ist nicht gleich Wurst! Zur Produktion unserer [&hellip;]<\/p>\n","protected":false},"author":1,"featured_media":0,"parent":0,"menu_order":0,"comment_status":"closed","ping_status":"closed","template":"","meta":{"footnotes":""},"class_list":["post-4465","page","type-page","status-publish","hentry"],"_links":{"self":[{"href":"https:\/\/www.ruhrpott-griller.de\/shop\/wp-json\/wp\/v2\/pages\/4465","targetHints":{"allow":["GET"]}}],"collection":[{"href":"https:\/\/www.ruhrpott-griller.de\/shop\/wp-json\/wp\/v2\/pages"}],"about":[{"href":"https:\/\/www.ruhrpott-griller.de\/shop\/wp-json\/wp\/v2\/types\/page"}],"author":[{"embeddable":true,"href":"https:\/\/www.ruhrpott-griller.de\/shop\/wp-json\/wp\/v2\/users\/1"}],"replies":[{"embeddable":true,"href":"https:\/\/www.ruhrpott-griller.de\/shop\/wp-json\/wp\/v2\/comments?post=4465"}],"version-history":[{"count":16,"href":"https:\/\/www.ruhrpott-griller.de\/shop\/wp-json\/wp\/v2\/pages\/4465\/revisions"}],"predecessor-version":[{"id":6431,"href":"https:\/\/www.ruhrpott-griller.de\/shop\/wp-json\/wp\/v2\/pages\/4465\/revisions\/6431"}],"wp:attachment":[{"href":"https:\/\/www.ruhrpott-griller.de\/shop\/wp-json\/wp\/v2\/media?parent=4465"}],"curies":[{"name":"wp","href":"https:\/\/api.w.org\/{rel}","templated":true}]}}