{"id":5179,"date":"2021-02-19T17:47:42","date_gmt":"2021-02-19T16:47:42","guid":{"rendered":"https:\/\/www.ruhrpott-griller.de\/shop\/?page_id=5179"},"modified":"2024-10-24T13:44:56","modified_gmt":"2024-10-24T11:44:56","slug":"qualitaet","status":"publish","type":"page","link":"https:\/\/www.ruhrpott-griller.de\/shop\/qualitaet\/","title":{"rendered":"Qualit\u00e4t und Sicherheit"},"content":{"rendered":"<div class=\"wpb-content-wrapper\"><p>[vc_row rt_row_background_width=&#8220;fullwidth&#8220; rt_row_content_width=&#8220;default&#8220; rt_row_style=&#8220;default-style&#8220; rt_row_height=&#8220;&#8220; rt_column_gaps=&#8220;&#8220; rt_row_shadows=&#8220;&#8220; rt_row_borders=&#8220;&#8220; rt_bg_effect=&#8220;classic&#8220; rt_transparent_bg=&#8220;false&#8220; rt_bg_image_repeat=&#8220;repeat&#8220; rt_bg_size=&#8220;cover&#8220; rt_bg_position=&#8220;right top&#8220; rt_bg_attachment=&#8220;scroll&#8220; rt_bg_layer=&#8220;&#8220; rt_bg_video_format=&#8220;self-hosted&#8220; rt_class=&#8220;rt-4863608&#8243; rt_paddings=&#8220;,,,&#8220; rt_margins=&#8220;,,,&#8220; rt_content_margins=&#8220;,,,&#8220; rt_tablet_paddings=&#8220;,,,&#8220; rt_tablet_margins=&#8220;,,,&#8220; rt_tablet_content_margins=&#8220;,,,&#8220; rt_sp_paddings=&#8220;,,,&#8220; rt_sp_margins=&#8220;,,,&#8220; rt_sp_content_margins=&#8220;,,,&#8220; rt_vc_seperator_1=&#8220;&#8220; rt_vc_seperator_2=&#8220;&#8220; rt_vc_seperator_3=&#8220;&#8220; rt_bg_color=&#8220;#f1f1f1&#8243;][vc_column width=&#8220;1\/2&#8243; rt_bg_image_repeat=&#8220;repeat&#8220; rt_bg_size=&#8220;auto auto&#8220; rt_bg_position=&#8220;right top&#8220; rt_bg_attachment=&#8220;scroll&#8220; rt_class=&#8220;rt-2515293&#8243; rt_margins=&#8220;,&#8220; rt_paddings=&#8220;&#8220; rt_wrapper_paddings=&#8220;,,,&#8220; rt_tablet_margins=&#8220;,&#8220; rt_tablet_paddings=&#8220;,,,&#8220; rt_tablet_wrapper_paddings=&#8220;,,,&#8220; rt_sp_margins=&#8220;,&#8220; rt_sp_paddings=&#8220;,,,&#8220; rt_sp_wrapper_paddings=&#8220;,,,&#8220; rt_bg_color=&#8220;&#8220; rt_bg_overlay_color=&#8220;&#8220;][vc_single_image image=&#8220;4433&#8243; img_size=&#8220;large&#8220;][vc_custom_heading text=&#8220;Sicherheit ohne Kompromisse&#8220; use_theme_fonts=&#8220;yes&#8220;][vc_column_text]Eine sorgf\u00e4ltige Qualit\u00e4tssicherung unserer Produkte in allen Stufen der Verarbeitung steht f\u00fcr uns an erster Stelle. Denn nur, wenn auch wirklich alles hundertprozentig stimmt \u2013 von der Auswahl der Rohstoffe \u00fcber die Verwendung der Zutaten bis zur Herstellung der Produkte selbst \u2013 kann ein H\u00f6chstma\u00df an Qualit\u00e4t und Sicherheit gew\u00e4hrleistet werden.<\/p>\n<p>Unser Betrieb wird regelm\u00e4\u00dfig durch neutrale Institute \u00fcberwacht und kontrolliert. Mehrere Qualit\u00e4tssiegel best\u00e4tigen uns in unserem Anspruch an beste Zutaten, hervorragende Qualit\u00e4t, h\u00f6chste Sicherheit und anerkannte Umweltstandards.<\/p>\n<p>F\u00fcr uns ist es nicht nur wichtig, qualitativ hochwertige Produkte herzustellen, mindestens genauso wichtig sind die Bedingungen, unter denen unsere Waren produziert werden. Nur mit hohen Hygienestandards in der Fleischverarbeitung und mit qualifizierten Mitarbeiterinnen und Mitarbeitern k\u00f6nnen wir den gleich bleibend hohen Qualit\u00e4tsstandard unserer Produkte garantieren. Denn nur so schmeckt uns die Wurst \u2013 mit Sicherheit![\/vc_column_text][\/vc_column][vc_column width=&#8220;1\/2&#8243;][vc_single_image image=&#8220;6394&#8243; img_size=&#8220;medium&#8220; style=&#8220;vc_box_shadow&#8220; title=&#8220;Zertifiziert&#8220;][vc_column_text]Mit dem Siegel International Featured Standard Food (IFS) akzeptieren wir die anerkannten Qualit\u00e4tsstandards in der Produktion.[\/vc_column_text][\/vc_column][\/vc_row][vc_row][vc_column][\/vc_column][\/vc_row]<\/p>\n<\/div>","protected":false},"excerpt":{"rendered":"<p>[vc_row rt_row_background_width=&#8220;fullwidth&#8220; rt_row_content_width=&#8220;default&#8220; rt_row_style=&#8220;default-style&#8220; rt_row_height=&#8220;&#8220; rt_column_gaps=&#8220;&#8220; rt_row_shadows=&#8220;&#8220; rt_row_borders=&#8220;&#8220; rt_bg_effect=&#8220;classic&#8220; rt_transparent_bg=&#8220;false&#8220; rt_bg_image_repeat=&#8220;repeat&#8220; rt_bg_size=&#8220;cover&#8220; rt_bg_position=&#8220;right top&#8220; rt_bg_attachment=&#8220;scroll&#8220; rt_bg_layer=&#8220;&#8220; rt_bg_video_format=&#8220;self-hosted&#8220; rt_class=&#8220;rt-4863608&#8243; rt_paddings=&#8220;,,,&#8220; rt_margins=&#8220;,,,&#8220; rt_content_margins=&#8220;,,,&#8220; rt_tablet_paddings=&#8220;,,,&#8220; rt_tablet_margins=&#8220;,,,&#8220; rt_tablet_content_margins=&#8220;,,,&#8220; rt_sp_paddings=&#8220;,,,&#8220; rt_sp_margins=&#8220;,,,&#8220; rt_sp_content_margins=&#8220;,,,&#8220; rt_vc_seperator_1=&#8220;&#8220; rt_vc_seperator_2=&#8220;&#8220; rt_vc_seperator_3=&#8220;&#8220; rt_bg_color=&#8220;#f1f1f1&#8243;][vc_column width=&#8220;1\/2&#8243; rt_bg_image_repeat=&#8220;repeat&#8220; rt_bg_size=&#8220;auto auto&#8220; rt_bg_position=&#8220;right top&#8220; rt_bg_attachment=&#8220;scroll&#8220; rt_class=&#8220;rt-2515293&#8243; rt_margins=&#8220;,&#8220; rt_paddings=&#8220;&#8220; rt_wrapper_paddings=&#8220;,,,&#8220; rt_tablet_margins=&#8220;,&#8220; rt_tablet_paddings=&#8220;,,,&#8220; rt_tablet_wrapper_paddings=&#8220;,,,&#8220; rt_sp_margins=&#8220;,&#8220; rt_sp_paddings=&#8220;,,,&#8220; rt_sp_wrapper_paddings=&#8220;,,,&#8220; rt_bg_color=&#8220;&#8220; rt_bg_overlay_color=&#8220;&#8220;][vc_single_image image=&#8220;4433&#8243; img_size=&#8220;large&#8220;][vc_custom_heading text=&#8220;Sicherheit ohne Kompromisse&#8220; [&hellip;]<\/p>\n","protected":false},"author":1,"featured_media":0,"parent":0,"menu_order":0,"comment_status":"closed","ping_status":"closed","template":"","meta":{"footnotes":""},"class_list":["post-5179","page","type-page","status-publish","hentry"],"_links":{"self":[{"href":"https:\/\/www.ruhrpott-griller.de\/shop\/wp-json\/wp\/v2\/pages\/5179","targetHints":{"allow":["GET"]}}],"collection":[{"href":"https:\/\/www.ruhrpott-griller.de\/shop\/wp-json\/wp\/v2\/pages"}],"about":[{"href":"https:\/\/www.ruhrpott-griller.de\/shop\/wp-json\/wp\/v2\/types\/page"}],"author":[{"embeddable":true,"href":"https:\/\/www.ruhrpott-griller.de\/shop\/wp-json\/wp\/v2\/users\/1"}],"replies":[{"embeddable":true,"href":"https:\/\/www.ruhrpott-griller.de\/shop\/wp-json\/wp\/v2\/comments?post=5179"}],"version-history":[{"count":13,"href":"https:\/\/www.ruhrpott-griller.de\/shop\/wp-json\/wp\/v2\/pages\/5179\/revisions"}],"predecessor-version":[{"id":6399,"href":"https:\/\/www.ruhrpott-griller.de\/shop\/wp-json\/wp\/v2\/pages\/5179\/revisions\/6399"}],"wp:attachment":[{"href":"https:\/\/www.ruhrpott-griller.de\/shop\/wp-json\/wp\/v2\/media?parent=5179"}],"curies":[{"name":"wp","href":"https:\/\/api.w.org\/{rel}","templated":true}]}}