{"id":5188,"date":"2021-02-19T18:09:16","date_gmt":"2021-02-19T17:09:16","guid":{"rendered":"https:\/\/www.ruhrpott-griller.de\/shop\/?page_id=5188"},"modified":"2021-02-19T18:14:57","modified_gmt":"2021-02-19T17:14:57","slug":"verbraucher-und-umweltschutz","status":"publish","type":"page","link":"https:\/\/www.ruhrpott-griller.de\/shop\/verbraucher-und-umweltschutz\/","title":{"rendered":"Verbraucher und Umweltschutz"},"content":{"rendered":"<div class=\"wpb-content-wrapper\"><p>[vc_row rt_row_background_width=&#8220;fullwidth&#8220; rt_row_content_width=&#8220;default&#8220; rt_row_style=&#8220;default-style&#8220; rt_row_height=&#8220;&#8220; rt_column_gaps=&#8220;&#8220; rt_row_shadows=&#8220;&#8220; rt_row_borders=&#8220;&#8220; rt_bg_effect=&#8220;classic&#8220; rt_transparent_bg=&#8220;false&#8220; rt_bg_image_repeat=&#8220;repeat&#8220; rt_bg_size=&#8220;cover&#8220; rt_bg_position=&#8220;right top&#8220; rt_bg_attachment=&#8220;scroll&#8220; rt_bg_layer=&#8220;&#8220; rt_bg_video_format=&#8220;self-hosted&#8220; rt_class=&#8220;rt-4863608&#8243; rt_paddings=&#8220;,,,&#8220; rt_margins=&#8220;,,,&#8220; rt_content_margins=&#8220;,,,&#8220; rt_tablet_paddings=&#8220;,,,&#8220; rt_tablet_margins=&#8220;,,,&#8220; rt_tablet_content_margins=&#8220;,,,&#8220; rt_sp_paddings=&#8220;,,,&#8220; rt_sp_margins=&#8220;,,,&#8220; rt_sp_content_margins=&#8220;,,,&#8220; rt_vc_seperator_1=&#8220;&#8220; rt_vc_seperator_2=&#8220;&#8220; rt_vc_seperator_3=&#8220;&#8220; rt_bg_color=&#8220;#f1f1f1&#8243;][vc_column width=&#8220;1\/2&#8243; rt_bg_image_repeat=&#8220;repeat&#8220; rt_bg_size=&#8220;auto auto&#8220; rt_bg_position=&#8220;right top&#8220; rt_bg_attachment=&#8220;scroll&#8220; rt_class=&#8220;rt-2515293&#8243; rt_margins=&#8220;,&#8220; rt_paddings=&#8220;&#8220; rt_wrapper_paddings=&#8220;,,,&#8220; rt_tablet_margins=&#8220;,&#8220; rt_tablet_paddings=&#8220;,,,&#8220; rt_tablet_wrapper_paddings=&#8220;,,,&#8220; rt_sp_margins=&#8220;,&#8220; rt_sp_paddings=&#8220;,,,&#8220; rt_sp_wrapper_paddings=&#8220;,,,&#8220; rt_bg_color=&#8220;&#8220; rt_bg_overlay_color=&#8220;&#8220;][vc_single_image image=&#8220;4433&#8243; img_size=&#8220;large&#8220;][vc_custom_heading text=&#8220;Soziale und \u00f6kologische Verantwortung&#8220; use_theme_fonts=&#8220;yes&#8220;][vc_column_text]Als ein Unternehmen, das dem Revier mehr als 100 Jahre treu geblieben ist und dies auch zuk\u00fcnftig bleiben wird, nehmen wir die soziale Verantwortung gegen\u00fcber unseren Mitarbeitern, unseren Kunden und unseren Zulieferern ernst. Auch das Thema \u201eUmwelt\u201d ist fester Bestandteil unserer Unternehmensstrategie.<\/p>\n<p>Wir verstehen uns als ein modernes Unternehmen. Deshalb ber\u00fccksichtigen wir den Umweltschutzgedanken bereits in der Entwicklungsphase unserer Produkte, indem wir ressourcenschonende Technologien anwenden. Unsere Wurstwaren werden auf hohem Qualit\u00e4tsniveau in \u00f6kologischen und gleichzeitig \u00f6konomischen Verfahren zum gr\u00f6\u00dftm\u00f6glichen Schutz der Umwelt hergestellt und vermarktet.<\/p>\n<p>Auch bei der Verpackung unserer Waren entwickeln wir die Produktionsabl\u00e4ufe unter umweltschonenden Gesichtspunkten weiter. So wird unser Unternehmen fit f\u00fcr die Zukunft \u2013 so bleiben Menken-Produkte Markenzeichen im Revier, denn sie sind hier zu Hause \u2013 genauso wie unsere Kunden![\/vc_column_text][\/vc_column][vc_column width=&#8220;1\/2&#8243;][vc_single_image image=&#8220;5191&#8243; img_size=&#8220;500&#215;500&#8243; label=&#8220;&#8220;][\/vc_column][\/vc_row][vc_row][vc_column][\/vc_column][\/vc_row]<\/p>\n<\/div>","protected":false},"excerpt":{"rendered":"<p>[vc_row rt_row_background_width=&#8220;fullwidth&#8220; rt_row_content_width=&#8220;default&#8220; rt_row_style=&#8220;default-style&#8220; rt_row_height=&#8220;&#8220; rt_column_gaps=&#8220;&#8220; rt_row_shadows=&#8220;&#8220; rt_row_borders=&#8220;&#8220; rt_bg_effect=&#8220;classic&#8220; rt_transparent_bg=&#8220;false&#8220; rt_bg_image_repeat=&#8220;repeat&#8220; rt_bg_size=&#8220;cover&#8220; rt_bg_position=&#8220;right top&#8220; rt_bg_attachment=&#8220;scroll&#8220; rt_bg_layer=&#8220;&#8220; rt_bg_video_format=&#8220;self-hosted&#8220; rt_class=&#8220;rt-4863608&#8243; rt_paddings=&#8220;,,,&#8220; rt_margins=&#8220;,,,&#8220; rt_content_margins=&#8220;,,,&#8220; rt_tablet_paddings=&#8220;,,,&#8220; rt_tablet_margins=&#8220;,,,&#8220; rt_tablet_content_margins=&#8220;,,,&#8220; rt_sp_paddings=&#8220;,,,&#8220; rt_sp_margins=&#8220;,,,&#8220; rt_sp_content_margins=&#8220;,,,&#8220; rt_vc_seperator_1=&#8220;&#8220; rt_vc_seperator_2=&#8220;&#8220; rt_vc_seperator_3=&#8220;&#8220; rt_bg_color=&#8220;#f1f1f1&#8243;][vc_column width=&#8220;1\/2&#8243; rt_bg_image_repeat=&#8220;repeat&#8220; rt_bg_size=&#8220;auto auto&#8220; rt_bg_position=&#8220;right top&#8220; rt_bg_attachment=&#8220;scroll&#8220; rt_class=&#8220;rt-2515293&#8243; rt_margins=&#8220;,&#8220; rt_paddings=&#8220;&#8220; rt_wrapper_paddings=&#8220;,,,&#8220; rt_tablet_margins=&#8220;,&#8220; rt_tablet_paddings=&#8220;,,,&#8220; rt_tablet_wrapper_paddings=&#8220;,,,&#8220; rt_sp_margins=&#8220;,&#8220; rt_sp_paddings=&#8220;,,,&#8220; rt_sp_wrapper_paddings=&#8220;,,,&#8220; rt_bg_color=&#8220;&#8220; rt_bg_overlay_color=&#8220;&#8220;][vc_single_image image=&#8220;4433&#8243; img_size=&#8220;large&#8220;][vc_custom_heading text=&#8220;Soziale und \u00f6kologische [&hellip;]<\/p>\n","protected":false},"author":1,"featured_media":0,"parent":0,"menu_order":0,"comment_status":"closed","ping_status":"closed","template":"","meta":{"footnotes":""},"class_list":["post-5188","page","type-page","status-publish","hentry"],"_links":{"self":[{"href":"https:\/\/www.ruhrpott-griller.de\/shop\/wp-json\/wp\/v2\/pages\/5188","targetHints":{"allow":["GET"]}}],"collection":[{"href":"https:\/\/www.ruhrpott-griller.de\/shop\/wp-json\/wp\/v2\/pages"}],"about":[{"href":"https:\/\/www.ruhrpott-griller.de\/shop\/wp-json\/wp\/v2\/types\/page"}],"author":[{"embeddable":true,"href":"https:\/\/www.ruhrpott-griller.de\/shop\/wp-json\/wp\/v2\/users\/1"}],"replies":[{"embeddable":true,"href":"https:\/\/www.ruhrpott-griller.de\/shop\/wp-json\/wp\/v2\/comments?post=5188"}],"version-history":[{"count":3,"href":"https:\/\/www.ruhrpott-griller.de\/shop\/wp-json\/wp\/v2\/pages\/5188\/revisions"}],"predecessor-version":[{"id":5192,"href":"https:\/\/www.ruhrpott-griller.de\/shop\/wp-json\/wp\/v2\/pages\/5188\/revisions\/5192"}],"wp:attachment":[{"href":"https:\/\/www.ruhrpott-griller.de\/shop\/wp-json\/wp\/v2\/media?parent=5188"}],"curies":[{"name":"wp","href":"https:\/\/api.w.org\/{rel}","templated":true}]}}