{"id":55,"date":"2016-06-13T15:48:45","date_gmt":"2016-06-13T15:48:45","guid":{"rendered":"http:\/\/sw-themes.com\/porto_dummy\/?page_id=55"},"modified":"2024-11-26T20:30:32","modified_gmt":"2024-11-26T19:30:32","slug":"ruhrpottbande","status":"publish","type":"page","link":"https:\/\/www.ruhrpott-griller.de\/shop\/ruhrpottbande\/","title":{"rendered":"Ruhrpottbande"},"content":{"rendered":"<div class=\"wpb-content-wrapper\"><p>[vc_row wrap_container=&#8220;yes&#8220; css=&#8220;.vc_custom_1519804692056{padding-top: 30px !important;padding-bottom: 30px !important;}&#8220;][vc_column width=&#8220;1\/2&#8243;][vc_column_text]<div class=\"Stellar_video_player\" id=\"2\" data-options=\"{&quot;id&quot;:&quot;2&quot;,&quot;instanceName&quot;:&quot;ruhrpott-griller_01 (copy)&quot;,&quot;videos&quot;:[{&quot;videoType&quot;:&quot;HTML5&quot;,&quot;mp4HD&quot;:&quot;https:\\\/\\\/www.ruhrpott-griller.de\\\/shop\\\/wp-content\\\/uploads\\\/2021\\\/02\\\/peter-03.mp4&quot;,&quot;mp4SD&quot;:&quot;https:\\\/\\\/www.ruhrpott-griller.de\\\/shop\\\/wp-content\\\/uploads\\\/2021\\\/02\\\/peter-03.mp4&quot;,&quot;thumbImg&quot;:&quot;thumbImg&quot;,&quot;title&quot;:&quot;Peter Neururer&quot;,&quot;description&quot;:&quot;description&quot;,&quot;info&quot;:&quot;undefined&quot;,&quot;enable_mp4_download&quot;:&quot;no&quot;,&quot;prerollAD&quot;:&quot;no&quot;,&quot;prerollGotoLink&quot;:&quot;prerollGotoLink&quot;,&quot;preroll_mp4&quot;:&quot;preroll_mp4&quot;,&quot;prerollSkipTimer&quot;:&quot;prerollSkipTimer&quot;,&quot;midrollAD&quot;:&quot;no&quot;,&quot;midrollAD_displayTime&quot;:&quot;midrollAD_displayTime&quot;,&quot;midrollGotoLink&quot;:&quot;midrollGotoLink&quot;,&quot;midroll_mp4&quot;:&quot;midroll_mp4&quot;,&quot;midrollSkipTimer&quot;:&quot;midrollSkipTimer&quot;,&quot;postrollAD&quot;:&quot;no&quot;,&quot;postrollGotoLink&quot;:&quot;postrollGotoLink&quot;,&quot;postroll_mp4&quot;:&quot;postroll_mp4&quot;,&quot;postrollSkipTimer&quot;:&quot;postrollSkipTimer&quot;,&quot;popupAdShow&quot;:&quot;no&quot;,&quot;popupImg&quot;:&quot;popupImg&quot;,&quot;popupAdStartTime&quot;:&quot;popupAdStartTime&quot;,&quot;popupAdEndTime&quot;:&quot;popupAdEndTime&quot;,&quot;popupAdGoToLink&quot;:&quot;popupAdGoToLink&quot;}],&quot;posterImg&quot;:&quot;&quot;,&quot;posterImgOnVideoFinish&quot;:&quot;&quot;,&quot;videoRatio&quot;:&quot;1.777&quot;,&quot;videoRatioStretch&quot;:&quot;true&quot;,&quot;iOSPlaysinline&quot;:&quot;true&quot;,&quot;floatPlayerOutsideViewport&quot;:&quot;false&quot;,&quot;videoAnimationTime&quot;:&quot;350&quot;,&quot;progressBarThickness&quot;:&quot;3&quot;,&quot;progressBarThicknessOnMouseover&quot;:&quot;6&quot;,&quot;tooltipFontSize&quot;:&quot;12&quot;,&quot;allowSkipAd&quot;:&quot;false&quot;,&quot;showAllControls&quot;:&quot;true&quot;,&quot;nowPlayingText&quot;:&quot;false&quot;,&quot;autohideControls&quot;:&quot;5&quot;,&quot;hideControlsOnMouseOut&quot;:&quot;true&quot;,&quot;videoPlayerWidth&quot;:&quot;768&quot;,&quot;videoPlayerHeight&quot;:&quot;432&quot;,&quot;instanceTheme&quot;:&quot;light&quot;,&quot;colorAccent&quot;:&quot;#cc181e&quot;,&quot;playerLayout&quot;:&quot;fitToContainer&quot;,&quot;playerOrientation&quot;:&quot;RTL&quot;,&quot;videoPlayerShadow&quot;:&quot;effect2&quot;,&quot;lightBox&quot;:&quot;false&quot;,&quot;lightBoxAutoplay&quot;:&quot;false&quot;,&quot;lightBoxThumbnail&quot;:&quot;&quot;,&quot;lightBoxThumbnailWidth&quot;:&quot;400&quot;,&quot;lightBoxThumbnailHeight&quot;:&quot;220&quot;,&quot;lightBoxCloseOnOutsideClick&quot;:&quot;true&quot;,&quot;onFinish&quot;:&quot;Stop video&quot;,&quot;autoplay&quot;:&quot;true&quot;,&quot;loadRandomVideoOnStart&quot;:&quot;true&quot;,&quot;shuffle&quot;:&quot;false&quot;,&quot;playlist&quot;:&quot;Off&quot;,&quot;playSpecificVideo&quot;:&quot;0&quot;,&quot;playlistBehaviourOnPageload&quot;:&quot;closed&quot;,&quot;playlistScrollType&quot;:&quot;light&quot;,&quot;HTML5VideoQuality&quot;:&quot;HD&quot;,&quot;preloadSelfHosted&quot;:&quot;none&quot;,&quot;hideVideoSource&quot;:&quot;true&quot;,&quot;rightClickMenu&quot;:&quot;false&quot;,&quot;youtubeControls&quot;:&quot;custom controls&quot;,&quot;youtubeQuality&quot;:&quot;default&quot;,&quot;youtubeShowRelatedVideos&quot;:&quot;true&quot;,&quot;youtubeSkin&quot;:&quot;dark&quot;,&quot;youtubeColor&quot;:&quot;red&quot;,&quot;vimeoColor&quot;:&quot;#00adef&quot;,&quot;showGlobalPrerollAds&quot;:&quot;false&quot;,&quot;globalPrerollAds&quot;:&quot;&quot;,&quot;globalPrerollAdsSkipTimer&quot;:&quot;5&quot;,&quot;globalPrerollAdsGotoLink&quot;:&quot;&quot;,&quot;nextShow&quot;:&quot;false&quot;,&quot;rewindShow&quot;:&quot;false&quot;,&quot;qualityShow&quot;:&quot;false&quot;,&quot;infoShow&quot;:&quot;false&quot;,&quot;shareShow&quot;:&quot;false&quot;,&quot;embedShow&quot;:&quot;false&quot;,&quot;facebookShow&quot;:&quot;false&quot;,&quot;twitterShow&quot;:&quot;false&quot;,&quot;fastForwardShow&quot;:&quot;false&quot;,&quot;fastBackwardShow&quot;:&quot;false&quot;,&quot;stepFastForwardAndBackward&quot;:&quot;5&quot;,&quot;facebookShareName&quot;:&quot;Stellar video player&quot;,&quot;facebookShareLink&quot;:&quot;https:\\\/\\\/codecanyon.net\\\/user\\\/_creativemedia_&quot;,&quot;facebookShareDescription&quot;:&quot;&quot;,&quot;facebookSharePicture&quot;:&quot;&quot;,&quot;twitterText&quot;:&quot;Stellar video player&quot;,&quot;twitterLink&quot;:&quot;https:\\\/\\\/codecanyon.net\\\/user\\\/_creativemedia_&quot;,&quot;twitterHashtags&quot;:&quot;wordpressvideoplayer&quot;,&quot;twitterVia&quot;:&quot;Creative media&quot;,&quot;embedCodeSrc&quot;:&quot;&quot;,&quot;logoShow&quot;:&quot;false&quot;,&quot;logoPath&quot;:&quot;&quot;,&quot;logoPosition&quot;:&quot;bottom-left&quot;,&quot;logoClickable&quot;:&quot;false&quot;,&quot;logoGoToLink&quot;:&quot;https:\\\/\\\/codecanyon.net\\\/user\\\/_creativemedia&quot;,&quot;advertisementTitle&quot;:&quot;Advertisement&quot;,&quot;skipAdvertisementText&quot;:&quot;Skip advertisement&quot;,&quot;skipAdText&quot;:&quot;You can skip this ad in&quot;,&quot;playBtnTooltipTxt&quot;:&quot;Play&quot;,&quot;pauseBtnTooltipTxt&quot;:&quot;Pause&quot;,&quot;rewindBtnTooltipTxt&quot;:&quot;Rewind&quot;,&quot;downloadVideoBtnTooltipTxt&quot;:&quot;Download video&quot;,&quot;qualityBtnOpenedTooltipTxt&quot;:&quot;Close quality&quot;,&quot;qualityBtnClosedTooltipTxt&quot;:&quot;Select quality&quot;,&quot;muteBtnTooltipTxt&quot;:&quot;Mute&quot;,&quot;unmuteBtnTooltipTxt&quot;:&quot;Unmute&quot;,&quot;fullscreenBtnTooltipTxt&quot;:&quot;Fullscreen&quot;,&quot;exitFullscreenBtnTooltipTxt&quot;:&quot;Exit fullscreen&quot;,&quot;infoBtnTooltipTxt&quot;:&quot;Show info&quot;,&quot;embedBtnTooltipTxt&quot;:&quot;Embed&quot;,&quot;shareBtnTooltipTxt&quot;:&quot;Share&quot;,&quot;volumeTooltipTxt&quot;:&quot;Volume&quot;,&quot;fastForwardBtnTooltipTxt&quot;:&quot;Fast forward&quot;,&quot;fastBackwardBtnTooltipTxt&quot;:&quot;Fast backward&quot;,&quot;playlistBtnClosedTooltipTxt&quot;:&quot;Show playlist&quot;,&quot;playlistBtnOpenedTooltipTxt&quot;:&quot;Hide playlist&quot;,&quot;facebookBtnTooltipTxt&quot;:&quot;Share on Facebook&quot;,&quot;twitterBtnTooltipTxt&quot;:&quot;Share on Twitter&quot;,&quot;nextBtnTooltipTxt&quot;:&quot;Next video&quot;,&quot;previousBtnTooltipTxt&quot;:&quot;Previous video&quot;,&quot;playlistSearchText&quot;:&quot;Search for video...&quot;,&quot;nextVideoInPlaylistText&quot;:&quot;UP NEXT&quot;,&quot;autoplayNextVideoInPlaylistOn&quot;:&quot;Autoplay next video on&quot;,&quot;autoplayNextVideoInPlaylistOff&quot;:&quot;Autoplay next video on&quot;,&quot;countVideos&quot;:&quot;of&quot;,&quot;copyTxt&quot;:&quot;Copy&quot;,&quot;copiedTxt&quot;:&quot;Copied!&quot;,&quot;shuffleBtnOnTooltipTxt&quot;:&quot;Shuffle on&quot;,&quot;shuffleBtnOffTooltipTxt&quot;:&quot;Shuffle off&quot;,&quot;embedWindowTitle2&quot;:&quot;EMBED PLAYER IN YOUR SITE:&quot;,&quot;embedWindowTitle3&quot;:&quot;SHARE CURRENT VIDEO:&quot;,&quot;videoType&quot;:&quot;HTML5 (self-hosted)&quot;,&quot;action&quot;:&quot;stellar_save&quot;,&quot;security&quot;:&quot;undefined&quot;,&quot;status&quot;:&quot;published&quot;,&quot;rootFolder&quot;:&quot;https:\\\/\\\/www.ruhrpott-griller.de\\\/shop\\\/wp-content\\\/plugins\\\/Stellar-video-player\\\/&quot;}\"><\/div>[\/vc_column_text][\/vc_column][vc_column width=&#8220;1\/2&#8243;]<div class=\"porto-u-heading  wpb_custom_95aa9a11c17ad45cfabaf210d84ee7cc porto-u-ad87e2eaf3f9c495180fe0156ddf3eb0 \"><div class=\"porto-u-main-heading\"><h2   style=\"font-weight:700;color:#21293c;font-size:19px;\">Ruhrpottbande!<\/h2><\/div><style>.porto-u-ad87e2eaf3f9c495180fe0156ddf3eb0.porto-u-heading{text-align:left}<\/style><\/div>[vc_column_text]<\/p>\n<h3 style=\"color: #21293c; font-size: 18px; line-height: 27px; font-weight: 400;\">\u201c \u00dcberragend! Haut rein! \u201d<\/h3>\n<p>Peter Neururer &#8222;ist der Ruhrpott&#8220;. Da liegt es auf der Hand, oder auch in der Wurst, dass er den Ruhrpott-Griller empfiehlt. Und das Beste ist, Peter verbindet den Ruhrpott mit einem Produkt seinesgleichen, den Ruhrpott-Griller!<\/p>\n<p>&nbsp;<\/p>\n<h3 style=\"color: #21293c; font-size: 18px; line-height: 27px; font-weight: 400;\"><\/h3>\n<p>[\/vc_column_text][\/vc_column][\/vc_row][vc_row][vc_column][vc_separator color=&#8220;custom&#8220; border_width=&#8220;3&#8243; accent_color=&#8220;#dd3333&#8243;][\/vc_column][\/vc_row][vc_row wrap_container=&#8220;yes&#8220; css=&#8220;.vc_custom_1519806887930{padding-top: 50px !important;padding-bottom: 10px !important;}&#8220;][vc_column width=&#8220;1\/2&#8243;][vc_column_text]<\/p>\n<h3 style=\"color: #21293c; font-size: 18px; line-height: 27px; font-weight: 400;\">Wir suchen \u201cAuftrags-Griller\u201d<\/h3>\n<p>Wenn Du ein Video von eurer Grillparty mit einem unserer Produkte gemacht hast, oder noch machen m\u00f6chtest, dann schicke uns den Link zum Video.<\/p>\n<p>Wenn wir das Video ver\u00f6ffentlichen, dann bekommst Du ein kleines Dankesch\u00f6n von uns f\u00fcr deine n\u00e4chste Grillparty. Daher bitte auch deine Email angeben, damit wir Kontakt aufnehmen k\u00f6nnen.<\/p>\n<h3 style=\"color: #21293c; font-size: 18px; line-height: 27px; font-weight: 400;\"><\/h3>\n<p>[\/vc_column_text][\/vc_column][vc_column width=&#8220;1\/2&#8243;]\n<div class=\"wpcf7 no-js\" id=\"wpcf7-f5226-o1\" lang=\"en-US\" dir=\"ltr\" data-wpcf7-id=\"5226\">\n<div class=\"screen-reader-response\"><p role=\"status\" aria-live=\"polite\" aria-atomic=\"true\"><\/p> <ul><\/ul><\/div>\n<form action=\"\/shop\/wp-json\/wp\/v2\/pages\/55#wpcf7-f5226-o1\" method=\"post\" class=\"wpcf7-form init\" aria-label=\"Contact form\" novalidate=\"novalidate\" data-status=\"init\">\n<fieldset class=\"hidden-fields-container\"><input type=\"hidden\" name=\"_wpcf7\" value=\"5226\" \/><input type=\"hidden\" name=\"_wpcf7_version\" value=\"6.1.5\" \/><input type=\"hidden\" name=\"_wpcf7_locale\" value=\"en_US\" \/><input type=\"hidden\" name=\"_wpcf7_unit_tag\" value=\"wpcf7-f5226-o1\" \/><input type=\"hidden\" name=\"_wpcf7_container_post\" value=\"0\" \/><input type=\"hidden\" name=\"_wpcf7_posted_data_hash\" value=\"\" \/>\n<\/fieldset>\n<div class=\"row subscription-form inline\">\n<div class=\"col col-sm-4\"><span class=\"wpcf7-form-control-wrap\" data-name=\"your-videolink\"><input size=\"40\" maxlength=\"400\" class=\"wpcf7-form-control wpcf7-text wpcf7-validates-as-required\" aria-required=\"true\" aria-invalid=\"false\" placeholder=\"Link vom Video\" value=\"\" type=\"text\" name=\"your-videolink\" \/><\/span><\/div>\n<div class=\"col col-sm-4\"><span class=\"wpcf7-form-control-wrap\" data-name=\"your-email\"><input size=\"40\" maxlength=\"400\" class=\"wpcf7-form-control wpcf7-email wpcf7-validates-as-required wpcf7-text wpcf7-validates-as-email\" aria-required=\"true\" aria-invalid=\"false\" placeholder=\"E-Mail-Adresse\" value=\"\" type=\"email\" name=\"your-email\" \/><\/span><\/div>\n<div class=\"col col-sm-4\"><span class=\"wpcf7-form-control-wrap\" data-name=\"your-captcha\"><input size=\"40\" class=\"wpcf7-form-control wpcf7-captchar form-control wysija-input\" id=\"contact-captcha\" autocomplete=\"off\" aria-invalid=\"false\" placeholder=\"Code-Eingabe\" value=\"\" type=\"text\" name=\"your-captcha\" \/><\/span><input type=\"hidden\" name=\"_wpcf7_captcha_challenge_your-captcha\" value=\"3009661299\" \/><img loading=\"lazy\" decoding=\"async\" class=\"wpcf7-form-control wpcf7-captchac wpcf7-captcha-your-captcha\" width=\"72\" height=\"24\" alt=\"captcha\" src=\"https:\/\/www.ruhrpott-griller.de\/shop\/wp-content\/uploads\/wpcf7_captcha\/3009661299.png\" \/><\/div>\n<div class=\"col col-sm-4\"><input class=\"wpcf7-form-control wpcf7-submit has-spinner\" type=\"submit\" value=\"absenden\" \/><\/div>\n<\/div><div class=\"wpcf7-response-output\" aria-hidden=\"true\"><\/div>\n<\/form>\n<\/div>\n[\/vc_column][\/vc_row][vc_row wrap_container=&#8220;yes&#8220; css=&#8220;.vc_custom_1519806887930{padding-top: 50px !important;padding-bottom: 10px !important;}&#8220;][vc_column][vc_separator color=&#8220;custom&#8220; border_width=&#8220;3&#8243; accent_color=&#8220;#dd3333&#8243;]<div class=\"porto-u-heading  wpb_custom_95aa9a11c17ad45cfabaf210d84ee7cc porto-u-55ca8359258f9a412be7e73af65d2aac \"><div class=\"porto-u-main-heading\"><h2   style=\"font-weight:700;color:#21293c;margin-bottom: 40px;font-size:22px;\">RUHRPOTT-GRILLER \"IN ALLER MUNDE\"<\/h2><\/div><style>.porto-u-55ca8359258f9a412be7e73af65d2aac.porto-u-heading{text-align:center}<\/style><\/div>[vc_row_inner][vc_column_inner width=&#8220;1\/3&#8243;]<div class=\"porto-testimonial wpb_content_element   wpb_custom_4760b66c0cbf51ec9a7673f3785bca75\"><div class=\"testimonial testimonial-light testimonial-no-borders testimonial-transparent-background\"><div class=\"testimonial-author\"><div class=\"testimonial-author-thumbnail\"><img loading=\"lazy\" decoding=\"async\" src=\"https:\/\/www.ruhrpott-griller.de\/shop\/wp-content\/uploads\/2021\/02\/custom_style_1_Peter_Neururer-150x150.jpg\" alt=\"Peter Neururer\" class=\"img-circle\" width=\"150\" height=\"150\"><\/div><p><strong style=\"color:#2b2b2d\">Peter Neururer<\/strong><span style=\"color:#62615e\">Fu\u00dfball-Experte<\/span><\/p><\/div><blockquote style=\"color:#62615e\"><p>Sobald ich den Ruhrpott-Griller sehe, schmei\u00df ich meinen Grill an und ab geht die Luzi&#8230;<\/p><\/blockquote><\/div><\/div>[\/vc_column_inner][vc_column_inner width=&#8220;1\/3&#8243;]<div class=\"porto-testimonial wpb_content_element   wpb_custom_4760b66c0cbf51ec9a7673f3785bca75\"><div class=\"testimonial testimonial-light testimonial-no-borders testimonial-transparent-background\"><div class=\"testimonial-author\"><div class=\"testimonial-author-thumbnail\"><img loading=\"lazy\" decoding=\"async\" src=\"https:\/\/www.ruhrpott-griller.de\/shop\/wp-content\/uploads\/2021\/02\/markus-krebs-150x150.jpg\" alt=\"Markus Krebs\" class=\"img-circle\" width=\"150\" height=\"150\"><\/div><p><strong style=\"color:#2b2b2d\">Markus Krebs<\/strong><span style=\"color:#62615e\">Comedian<\/span><\/p><\/div><blockquote style=\"color:#62615e\"><p>Damals habe ich gedacht, es g\u00e4be nur eine Grill-Wurst, heute wei\u00df ich, ja, dass ist richtig! Den Ruhrpott-Griller!<\/p><\/blockquote><\/div><\/div>[\/vc_column_inner][vc_column_inner width=&#8220;1\/3&#8243;]<div class=\"porto-testimonial wpb_content_element   wpb_custom_4760b66c0cbf51ec9a7673f3785bca75\"><div class=\"testimonial testimonial-light testimonial-no-borders testimonial-transparent-background\"><div class=\"testimonial-author\"><div class=\"testimonial-author-thumbnail\"><img loading=\"lazy\" decoding=\"async\" src=\"https:\/\/www.ruhrpott-griller.de\/shop\/wp-content\/uploads\/2021\/02\/tomas-rahm-150x150.jpg\" alt=\"Thomas Rahm\" class=\"img-circle\" width=\"150\" height=\"150\"><\/div><p><strong style=\"color:#2b2b2d\">Thomas Rahm<\/strong><span style=\"color:#62615e\">Wurst-Experte<\/span><\/p><\/div><blockquote style=\"color:#62615e\"><p>Ich pflege meinen Grill nur mit Kohle und den Ruhrpott-Grillern&#8230;<\/p><\/blockquote><\/div><\/div>[\/vc_column_inner][\/vc_row_inner][\/vc_column][\/vc_row][vc_row wrap_container=&#8220;yes&#8220; css=&#8220;.vc_custom_1519807308900{padding-top: 50px !important;padding-bottom: 15px !important;background-color: #f4f4f4 !important;}&#8220;][vc_column width=&#8220;1\/5&#8243;]<div class=\"stats-block stats-left  inline-block  wpb_custom_a517333ace5b1666c6af8bd4684f1de9  vc_custom_1614353245750\"><div class=\"stats-desc\"><div id=\"counter_121673278269dc25a78ec1f\" data-id=\"counter_121673278269dc25a78ec1f\" class=\"stats-number\" style=\" font-weight:800;font-size:32px;line-height:32px;color:#dd3333;\" data-speed=\"3\" data-counter-value=\"788\" data-separator=\"none\" data-decimal=\"none\">0<\/div><div class=\"counter_suffix mycust\" style=\" font-weight:800;font-size:32px;line-height:32px;color:#dd3333\">+<\/div><div class=\"stats-text\" style=\"font-weight:600;font-size:14px;line-height:25px;color:#7b858a;\">Ruhrpottbanden-Mitglieder<\/div><\/div><\/div>[\/vc_column][vc_column width=&#8220;1\/5&#8243;]<div class=\"stats-block stats-left  inline-block  wpb_custom_a517333ace5b1666c6af8bd4684f1de9  vc_custom_1615493818438\"><div class=\"stats-desc\"><div id=\"counter_125204244769dc25a78f306\" data-id=\"counter_125204244769dc25a78f306\" class=\"stats-number\" style=\" font-weight:800;font-size:32px;line-height:32px;color:#dd3333;\" data-speed=\"3\" data-counter-value=\"370\" data-separator=\"none\" data-decimal=\"none\">0<\/div><div class=\"counter_suffix mycust\" style=\" font-weight:800;font-size:32px;line-height:32px;color:#dd3333\">+<\/div><div class=\"stats-text\" style=\"font-weight:600;font-size:14px;line-height:25px;color:#7b858a;\">Grillpartys<\/div><\/div><\/div>[\/vc_column][vc_column width=&#8220;1\/5&#8243;]<div class=\"stats-block stats-left  inline-block  wpb_custom_a517333ace5b1666c6af8bd4684f1de9  vc_custom_1615493932075\"><div class=\"stats-desc\"><div id=\"counter_189233529169dc25a78f72b\" data-id=\"counter_189233529169dc25a78f72b\" class=\"stats-number\" style=\" font-weight:800;font-size:32px;line-height:32px;color:#dd3333;\" data-speed=\"3\" data-counter-value=\"21000\" data-separator=\"none\" data-decimal=\"none\">0<\/div><div class=\"counter_suffix mycust\" style=\" font-weight:800;font-size:19px;line-height:32px;color:#dd3333\">+<\/div><div class=\"stats-text\" style=\"font-weight:600;font-size:14px;line-height:25px;color:#7b858a;\">Web-Seiten-Besucher<\/div><\/div><\/div>[\/vc_column][vc_column width=&#8220;1\/5&#8243;]<div class=\"stats-block stats-left  inline-block  wpb_custom_a517333ace5b1666c6af8bd4684f1de9  vc_custom_1615493944683\"><div class=\"stats-desc\"><div id=\"counter_25438223469dc25a78fa20\" data-id=\"counter_25438223469dc25a78fa20\" class=\"stats-number\" style=\" font-weight:800;font-size:32px;line-height:32px;color:#dd3333;\" data-speed=\"3\" data-counter-value=\"45\" data-separator=\"none\" data-decimal=\"none\">0<\/div><div class=\"counter_suffix mycust\" style=\" font-weight:800;font-size:32px;line-height:32px;color:#dd3333\">+<\/div><div class=\"stats-text\" style=\"font-weight:600;font-size:14px;line-height:25px;color:#7b858a;\">Gl\u00fccklicheMitarbeiter<\/div><\/div><\/div>[\/vc_column][vc_column width=&#8220;1\/5&#8243;]<div class=\"stats-block stats-left  inline-block  wpb_custom_a517333ace5b1666c6af8bd4684f1de9\"><div class=\"stats-desc\"><div id=\"counter_56120503669dc25a78fd38\" data-id=\"counter_56120503669dc25a78fd38\" class=\"stats-number\" style=\" font-weight:800;font-size:32px;line-height:32px;color:#dd3333;\" data-speed=\"3\" data-counter-value=\"99\" data-separator=\"none\" data-decimal=\"none\">0<\/div><div class=\"counter_suffix mycust\" style=\" font-weight:800;font-size:19px;line-height:32px;color:#dd3333\">%<\/div><div class=\"stats-text\" style=\"font-weight:600;font-size:14px;line-height:25px;color:#7b858a;\">Positive<br \/>\nBewertungen<\/div><\/div><\/div>[\/vc_column][\/vc_row]<\/p>\n<\/div>","protected":false},"excerpt":{"rendered":"<p>[vc_row wrap_container=&#8220;yes&#8220; css=&#8220;.vc_custom_1519804692056{padding-top: 30px !important;padding-bottom: 30px !important;}&#8220;][vc_column width=&#8220;1\/2&#8243;][vc_column_text][\/vc_column_text][\/vc_column][vc_column width=&#8220;1\/2&#8243;][vc_column_text] \u201c \u00dcberragend! Haut rein! \u201d Peter Neururer &#8222;ist der Ruhrpott&#8220;. Da liegt es auf der Hand, oder auch in der Wurst, dass er den Ruhrpott-Griller empfiehlt. Und das Beste ist, Peter verbindet den Ruhrpott mit einem Produkt seinesgleichen, den Ruhrpott-Griller! &nbsp; [\/vc_column_text][\/vc_column][\/vc_row][vc_row][vc_column][vc_separator color=&#8220;custom&#8220; border_width=&#8220;3&#8243; accent_color=&#8220;#dd3333&#8243;][\/vc_column][\/vc_row][vc_row wrap_container=&#8220;yes&#8220; [&hellip;]<\/p>\n","protected":false},"author":1,"featured_media":0,"parent":0,"menu_order":0,"comment_status":"closed","ping_status":"closed","template":"","meta":{"footnotes":""},"class_list":["post-55","page","type-page","status-publish","hentry"],"_links":{"self":[{"href":"https:\/\/www.ruhrpott-griller.de\/shop\/wp-json\/wp\/v2\/pages\/55","targetHints":{"allow":["GET"]}}],"collection":[{"href":"https:\/\/www.ruhrpott-griller.de\/shop\/wp-json\/wp\/v2\/pages"}],"about":[{"href":"https:\/\/www.ruhrpott-griller.de\/shop\/wp-json\/wp\/v2\/types\/page"}],"author":[{"embeddable":true,"href":"https:\/\/www.ruhrpott-griller.de\/shop\/wp-json\/wp\/v2\/users\/1"}],"replies":[{"embeddable":true,"href":"https:\/\/www.ruhrpott-griller.de\/shop\/wp-json\/wp\/v2\/comments?post=55"}],"version-history":[{"count":30,"href":"https:\/\/www.ruhrpott-griller.de\/shop\/wp-json\/wp\/v2\/pages\/55\/revisions"}],"predecessor-version":[{"id":6432,"href":"https:\/\/www.ruhrpott-griller.de\/shop\/wp-json\/wp\/v2\/pages\/55\/revisions\/6432"}],"wp:attachment":[{"href":"https:\/\/www.ruhrpott-griller.de\/shop\/wp-json\/wp\/v2\/media?parent=55"}],"curies":[{"name":"wp","href":"https:\/\/api.w.org\/{rel}","templated":true}]}}