{"id":73,"date":"2016-06-14T06:15:58","date_gmt":"2016-06-14T06:15:58","guid":{"rendered":"http:\/\/sw-themes.com\/porto_dummy\/?page_id=73"},"modified":"2021-03-12T12:36:06","modified_gmt":"2021-03-12T11:36:06","slug":"menken","status":"publish","type":"page","link":"https:\/\/www.ruhrpott-griller.de\/shop\/menken\/","title":{"rendered":"menken"},"content":{"rendered":"<div class=\"wpb-content-wrapper\"><p>[vc_row wrap_container=&#8220;yes&#8220; el_class=&#8220;m-t-md&#8220;][vc_column width=&#8220;1\/2&#8243;][vc_custom_heading text=&#8220;Hier zu Hause: Qualit\u00e4t aus NRW&#8220; use_theme_fonts=&#8220;yes&#8220;][vc_column_text]Mehr als 100 Jahre Familien- und Firmengeschichte, das ist Menken: Fest verwurzelt im Ruhrgebiet, bodenst\u00e4ndig und traditionsbewusst \u2013 dabei modern und zukunftsorientiert.<\/p>\n<p>Fleischermeister Fritz Menken gr\u00fcndete im Jahre 1909 im Kreis Recklinghausen seinen Betrieb zur Herstellung von Wurstwaren. Inzwischen wird das Unternehmen in Gladbeck in der dritten Generation gef\u00fchrt. Unsere Firmengeschichte belegt: Qualit\u00e4t auf h\u00f6chstem Niveau und Innovationsfreude verbinden sich mit bew\u00e4hrter Tradition und Erfahrung.<\/p>\n<p>Heute kommen \u00fcberlieferte Rezepturen mithilfe modernster Technologien zur Entfaltung, ein verantwortungsvolles Management sorgt f\u00fcr den wirtschaftlichen Hintergrund. Ein Jahrhundert \u2013 drei Generationen: Kontinuit\u00e4t, die f\u00fcr sich spricht![\/vc_column_text][\/vc_column][vc_column width=&#8220;1\/2&#8243;][vc_custom_heading text=&#8220;Familienrezept liegt im Trend&#8220; use_theme_fonts=&#8220;yes&#8220;][vc_column_text]Die Firma Menken b\u00fcrgt im Ruhrgebiet seit \u00fcber 100 Jahren f\u00fcr Qualit\u00e4t im Fleischerhandwerk und hat sich l\u00e4ngst einen Namen gemacht. Denn \u201eWestfalen war immer ein starkes Wurstland\u201d, sagt Gesch\u00e4ftsf\u00fchrer Christoph Borutta im Interview mit der REWE-Heimat-Zeitung.<br \/>\n[\/vc_column_text][vc_column_text]<\/p>\n<ul>\n<li><a href=\"https:\/\/www.ruhrpott-griller.de\/shop\/wp-content\/uploads\/2021\/02\/201003-rewe-heimat-zeitung.pdf\" target=\"_blank\" rel=\"noopener noreferrer\">Beitrag der REWE-Heimat-Zeitung vom M\u00e4rz 2010 herunterladen<\/a><\/li>\n<\/ul>\n<p>[\/vc_column_text]<h2 class=\"word-rotator slide\" style=\"text-align:center;\" data-plugin-options=\"{'waittime': 2500, 'pauseOnHover': false}\"><span class=\"word-rotate-prefix\" style=\"\">Wer will<\/span> <span class=\"word-rotator-items\" style=\"\"><b class=\"active\">Grillwurst<\/b><b>Gefl\u00fcgelwurst<\/b><b>Mettwurst<\/b><b>Fleischwurst<\/b><\/span> <span class=\"word-rotate-suffix\" style=\"\">haben? Einfach melden!<\/span><\/h2>[\/vc_column][\/vc_row][vc_row full_width=&#8220;stretch_row_content_no_spaces&#8220;][vc_column][vc_gmaps link=&#8220;#E-8_JTNDaWZyYW1lJTIwc3JjJTNEJTIyaHR0cHMlM0ElMkYlMkZ3d3cuZ29vZ2xlLmNvbSUyRm1hcHMlMkZlbWJlZCUzRnBiJTNEJTIxMW0xNCUyMTFtOCUyMTFtMyUyMTFkOTkyMi4wNzA4NDkwMDUwOTMlMjEyZDYuOTQyMTgwOCUyMTNkNTEuNTU4NzQyMSUyMTNtMiUyMTFpMTAyNCUyMTJpNzY4JTIxNGYxMy4xJTIxM20zJTIxMW0yJTIxMXMweDAlMjUzQTB4MWY4MWNjNGM0YzRhN2YxOCUyMTJzbWVua2VuJTI1MjBFeHRyYXd1cnN0JTI1MjBHbWJIJTIxNWUwJTIxM20yJTIxMXNkZSUyMTJzZGUlMjE0djE2MTM3NDE0NTA5NDYlMjE1bTIlMjExc2RlJTIxMnNkZSUyMiUyMHdpZHRoJTNEJTIyNjAwJTIyJTIwaGVpZ2h0JTNEJTIyNDUwJTIyJTIwc3R5bGUlM0QlMjJib3JkZXIlM0EwJTNCJTIyJTIwYWxsb3dmdWxsc2NyZWVuJTNEJTIyJTIyJTIwbG9hZGluZyUzRCUyMmxhenklMjIlM0UlM0MlMkZpZnJhbWUlM0U=&#8220;][\/vc_column][\/vc_row][vc_row wrap_container=&#8220;yes&#8220; el_class=&#8220;m-t-md&#8220;][vc_column]<div class=\"porto-u-heading m-b-xxl  wpb_custom_95aa9a11c17ad45cfabaf210d84ee7cc porto-u-ad87e2eaf3f9c495180fe0156ddf3eb0 \"><div class=\"porto-u-main-heading\"><h2   style=\"margin-bottom: 5px;font-size:24px;letter-spacing:-0.025em;\">Kontakt zum Chef<\/h2><\/div><div class=\"porto-u-sub-heading\" style=\"font-size:14px;line-height:28px;letter-spacing:-0.025em;\"><span style=\"font-size: 19px;\"><strong>Wer m\u00f6chte nicht gerne mal Kontakt zur obersten Etage haben? Okay, hier im Hause gibt es zwar nur zwei Etagen, aber oben sitzt der Chef. Gut, er hat viel zu tun und hat auch nicht immer Zeit, deshalb bieten wir dir M\u00f6glichkeiten an ihn zu kontaktieren:<\/strong><\/span><\/div><style>.porto-u-ad87e2eaf3f9c495180fe0156ddf3eb0.porto-u-heading{text-align:left}<\/style><\/div>[\/vc_column][vc_column width=&#8220;1\/2&#8243; offset=&#8220;vc_col-lg-3 vc_col-md-3 vc_col-xs-12&#8243;]<div class=\"porto-sicon-box custom-info-1  wpb_custom_1efe903570d178ff0a9b7bfa5febd3a4 style_1 top-icon\"><div class=\"porto-sicon-top\"><div class=\"porto-just-icon-wrapper porto-icon none\" style=\"color:#dd3333;font-size:45px;\"><i class=\"Simple-Line-Icons-pointer\"><\/i><\/div><\/div><div class=\"porto-sicon-header\"><h3 class=\"porto-sicon-title\" style=\"font-weight:700;font-size:20px;line-height:22px;letter-spacing:-0.025em;\">Adresse<\/h3><p style=\"font-size:14px;line-height:22px;letter-spacing:-0.025em;\">Hornstra\u00dfe 34, 45964 Gladbeck<\/p><\/div> <!-- header --><div class=\"porto-sicon-description\" style=\"\">2. Etage, hinten rechts<\/div> <!-- description --><\/div><!-- porto-sicon-box -->[\/vc_column][vc_column width=&#8220;1\/2&#8243; offset=&#8220;vc_col-lg-3 vc_col-md-3 vc_col-xs-12&#8243;]<a class=\"porto-sicon-box-link\" href=\"tel:(800)123-4567\"><div class=\"porto-sicon-box text-color-body custom-info-1  wpb_custom_1efe903570d178ff0a9b7bfa5febd3a4 style_1 top-icon\"><div class=\"porto-sicon-top\"><div class=\"porto-just-icon-wrapper porto-icon none\" style=\"color:#dd3333;font-size:45px;\"><i class=\"fas fa-mobile-alt\"><\/i><\/div><\/div><div class=\"porto-sicon-header\"><h3 class=\"porto-sicon-title\" style=\"font-weight:700;font-size:20px;line-height:22px;letter-spacing:-0.025em;\">Telefonnummer<\/h3><p style=\"font-size:14px;line-height:22px;letter-spacing:-0.025em;\">+49 (2043) 9574-0<\/p><\/div> <!-- header --><div class=\"porto-sicon-description\" style=\"\">lass 11 mal klingeln, er ruft zur\u00fcck<\/div> <!-- description --><\/div><!-- porto-sicon-box --><\/a>[\/vc_column][vc_column width=&#8220;1\/2&#8243; offset=&#8220;vc_col-lg-3 vc_col-md-3 vc_col-xs-12&#8243;]<a class=\"porto-sicon-box-link\" href=\"mailto:porto@portotheme.com\"><div class=\"porto-sicon-box text-color-body custom-info-1  wpb_custom_1efe903570d178ff0a9b7bfa5febd3a4 style_1 top-icon\"><div class=\"porto-sicon-top\"><div class=\"porto-just-icon-wrapper porto-icon none\" style=\"color:#dd3333;font-size:45px;\"><i class=\"far fa-envelope\"><\/i><\/div><\/div><div class=\"porto-sicon-header\"><h3 class=\"porto-sicon-title\" style=\"font-weight:700;font-size:20px;line-height:22px;letter-spacing:-0.025em;\">E-Mail-Adresse<\/h3><p style=\"font-size:14px;line-height:22px;letter-spacing:-0.025em;\">shop@ruhrpott-griller.de<\/p><\/div> <!-- header --><div class=\"porto-sicon-description\" style=\"\">m\u00fcsste funktionieren&#8230;<\/div> <!-- description --><\/div><!-- porto-sicon-box --><\/a>[\/vc_column][vc_column width=&#8220;1\/2&#8243; offset=&#8220;vc_col-lg-3 vc_col-md-3 vc_col-xs-12&#8243;]<div class=\"porto-sicon-box custom-info-1  wpb_custom_1efe903570d178ff0a9b7bfa5febd3a4 style_1 top-icon\"><div class=\"porto-sicon-top\"><div class=\"porto-just-icon-wrapper porto-icon none\" style=\"color:#dd3333;font-size:45px;\"><i class=\"far fa-calendar-alt\"><\/i><\/div><\/div><div class=\"porto-sicon-header\"><h3 class=\"porto-sicon-title\" style=\"font-weight:700;font-size:20px;line-height:22px;letter-spacing:-0.025em;\">Mittagsschlaf<\/h3><p style=\"font-size:14px;line-height:22px;letter-spacing:-0.025em;\">Mo.-So. von 19:04-19:09 Uhr<\/p><\/div> <!-- header --><div class=\"porto-sicon-description\" style=\"\">Dazwischen noch nen W\u00fcrstchen essen<\/div> <!-- description --><\/div><!-- porto-sicon-box -->[\/vc_column][vc_column][vc_separator color=&#8220;custom&#8220; accent_color=&#8220;#e7e7e7&#8243; el_class=&#8220;mt-5 m-b-xlg pb-2&#8243;][\/vc_column][\/vc_row][vc_row wrap_container=&#8220;yes&#8220; el_class=&#8220;m-b-xxl p-b-sm&#8220;][vc_column offset=&#8220;vc_col-lg-6 vc_col-md-6&#8243;][vc_custom_heading text=&#8220;Deine Nachricht an die Kolleginnen vom Chef&#8220; font_container=&#8220;tag:h2|font_size:24px|text_align:left&#8220; use_theme_fonts=&#8220;yes&#8220; el_class=&#8220;ls-negative-1 mb-3&#8243;]\n<div class=\"wpcf7 no-js\" id=\"wpcf7-f10-o1\" lang=\"de-DE\" dir=\"ltr\" data-wpcf7-id=\"10\">\n<div class=\"screen-reader-response\"><p role=\"status\" aria-live=\"polite\" aria-atomic=\"true\"><\/p> <ul><\/ul><\/div>\n<form action=\"\/shop\/wp-json\/wp\/v2\/pages\/73#wpcf7-f10-o1\" method=\"post\" class=\"wpcf7-form init\" aria-label=\"Kontaktformular\" novalidate=\"novalidate\" data-status=\"init\">\n<fieldset class=\"hidden-fields-container\"><input type=\"hidden\" name=\"_wpcf7\" value=\"10\" \/><input type=\"hidden\" name=\"_wpcf7_version\" value=\"6.1.5\" \/><input type=\"hidden\" name=\"_wpcf7_locale\" value=\"de_DE\" \/><input type=\"hidden\" name=\"_wpcf7_unit_tag\" value=\"wpcf7-f10-o1\" \/><input type=\"hidden\" name=\"_wpcf7_container_post\" value=\"0\" \/><input type=\"hidden\" name=\"_wpcf7_posted_data_hash\" value=\"\" \/>\n<\/fieldset>\n<label> Dein Name\n    <span class=\"wpcf7-form-control-wrap\" data-name=\"your-name\"><input size=\"40\" maxlength=\"400\" class=\"wpcf7-form-control wpcf7-text wpcf7-validates-as-required\" aria-required=\"true\" aria-invalid=\"false\" value=\"\" type=\"text\" name=\"your-name\" \/><\/span> <\/label>\n\n<label> Dein E-Mail-Adresse\n    <span class=\"wpcf7-form-control-wrap\" data-name=\"your-email\"><input size=\"40\" maxlength=\"400\" class=\"wpcf7-form-control wpcf7-email wpcf7-validates-as-required wpcf7-text wpcf7-validates-as-email\" aria-required=\"true\" aria-invalid=\"false\" value=\"\" type=\"email\" name=\"your-email\" \/><\/span> <\/label>\n\n<label> Betreff\n    <span class=\"wpcf7-form-control-wrap\" data-name=\"your-subject\"><input size=\"40\" maxlength=\"400\" class=\"wpcf7-form-control wpcf7-text wpcf7-validates-as-required\" aria-required=\"true\" aria-invalid=\"false\" value=\"\" type=\"text\" name=\"your-subject\" \/><\/span> <\/label>\n\n<label> Deine Nachricht (optional)\n    <span class=\"wpcf7-form-control-wrap\" data-name=\"your-message\"><textarea cols=\"40\" rows=\"10\" maxlength=\"2000\" class=\"wpcf7-form-control wpcf7-textarea\" aria-invalid=\"false\" name=\"your-message\"><\/textarea><\/span> <\/label>\n\n<div class=\"col-lg-6\">\n        <div class=\"form-group\">\n            <span class=\"wpcf7-form-control-wrap\" data-name=\"your-captcha\"><input size=\"40\" class=\"wpcf7-form-control wpcf7-captchar form-control wysija-input\" id=\"contact-captcha\" autocomplete=\"off\" aria-invalid=\"false\" placeholder=\"Gebe hier den Code ein:\" value=\"\" type=\"text\" name=\"your-captcha\" \/><\/span><input type=\"hidden\" name=\"_wpcf7_captcha_challenge_your-captcha\" value=\"963118595\" \/><img loading=\"lazy\" decoding=\"async\" class=\"wpcf7-form-control wpcf7-captchac wpcf7-captcha-your-captcha\" width=\"72\" height=\"24\" alt=\"captcha\" src=\"https:\/\/www.ruhrpott-griller.de\/shop\/wp-content\/uploads\/wpcf7_captcha\/963118595.png\" \/>\n        <\/div>\n    <\/div>\n<input class=\"wpcf7-form-control wpcf7-submit has-spinner\" type=\"submit\" value=\"senden\" \/><div class=\"wpcf7-response-output\" aria-hidden=\"true\"><\/div>\n<\/form>\n<\/div>\n[\/vc_column][vc_column offset=&#8220;vc_col-lg-6 vc_col-md-6&#8243; el_class=&#8220;mt-5 mt-lg-0&#8243;][vc_custom_heading text=&#8220;Du glaubst es kaum, aber &#8230;&#8220; font_container=&#8220;tag:h2|font_size:24px|text_align:left&#8220; use_theme_fonts=&#8220;yes&#8220; el_class=&#8220;ls-negative-1 mb-2&#8243;]<div class=\"porto-faqs porto-faqsskaf wpb_content_element  custom-faq-1\">\r\n\t<div class=\"page-faqs clearfix wpb_custom_7fe7ddf8f1a240d6488c8a8c41279112\" id=\"porto_faqs_ycqe\">\r\n\r\n\t\t\r\n\t\t\r\n\t\t<div class=\"faq-row faqs-container\">\r\n\t\t\t\r\n<div class=\"faq menken post-5230 type-faq status-publish hentry faq_cat-menken\">\r\n\t<section class=\"toggle\">\r\n\t\t<label>&#8230;noch\u00b4n Gedicht&#8230;<\/label>\r\n\t\t<div class=\"toggle-content\">\r\n\t\t<h3 class=\"entry-title\" style=\"display: none;\">&#8230;noch\u00b4n Gedicht&#8230;<\/h3><span class=\"vcard\" style=\"display: none;\"><span class=\"fn\"><a href=\"https:\/\/www.ruhrpott-griller.de\/shop\/author\/menken\/\" title=\"Beitr\u00e4ge von menken\" rel=\"author\">menken<\/a><\/span><\/span><span class=\"updated\" style=\"display:none\">2021-02-20T14:50:54+01:00<\/span>Wenn alle um den Grill sich setzen,\r\nnach jedem Ruhrpott-Griller hetzen,\r\ndann ist es wieder mal so weit!\r\nEs ist wieder Grill-Zeit.\r\nEs gibt Ruhrpott-Spezialit\u00e4t, und mehr,\r\nauch das Bier schmeckt so sehr.\r\nKauft Euch, so viel Ihr haben wollt,\r\nbis Ihr am Boden Euch dann rollt.\t\t<\/div>\r\n\t<\/section>\r\n<\/div>\r\n\r\n<div class=\"faq menken post-5212 type-faq status-publish hentry faq_cat-menken\">\r\n\t<section class=\"toggle\">\r\n\t\t<label>Aus\u00b4m Pott &#8211; f\u00fcr die ganze Welt<\/label>\r\n\t\t<div class=\"toggle-content\">\r\n\t\t<h3 class=\"entry-title\" style=\"display: none;\">Aus\u00b4m Pott &#8211; f\u00fcr die ganze Welt<\/h3><span class=\"vcard\" style=\"display: none;\"><span class=\"fn\"><a href=\"https:\/\/www.ruhrpott-griller.de\/shop\/author\/menken\/\" title=\"Beitr\u00e4ge von menken\" rel=\"author\">menken<\/a><\/span><\/span><span class=\"updated\" style=\"display:none\">2021-03-12T12:38:19+01:00<\/span>Wer den Ruhrpott-Griller noch nicht kennt, hat etwas verpasst...\r\nWie sagte einst Peter Neururer, \"aus\u00b4m Pott, f\u00fcr\u00b4n Pott und f\u00fcr die ganze Welt\".\r\nGut, unsere Lieferung gilt momentan nur deutschlandweit, aber wir arbeiten an einem <strong>Dysenterypotty-Barbecue<\/strong>\u00a0f\u00fcr die ganze Welt...\t\t<\/div>\r\n\t<\/section>\r\n<\/div>\r\n\r\n<div class=\"faq menken post-29 type-faq status-publish hentry faq_cat-menken\">\r\n\t<section class=\"toggle\">\r\n\t\t<label>0,0% vegan<\/label>\r\n\t\t<div class=\"toggle-content\">\r\n\t\t<h3 class=\"entry-title\" style=\"display: none;\">0,0% vegan<\/h3><span class=\"vcard\" style=\"display: none;\"><span class=\"fn\"><a href=\"https:\/\/www.ruhrpott-griller.de\/shop\/author\/menken\/\" title=\"Beitr\u00e4ge von menken\" rel=\"author\">menken<\/a><\/span><\/span><span class=\"updated\" style=\"display:none\">2021-02-20T14:52:09+01:00<\/span>...unsere Lebensmittel sind 0,0% vegan und darf jeder zu sich nehmen der will...\t\t<\/div>\r\n\t<\/section>\r\n<\/div>\r\n\r\n<div class=\"faq menken post-28 type-faq status-publish hentry faq_cat-menken\">\r\n\t<section class=\"toggle\">\r\n\t\t<label>Passend f\u00fcr alles<\/label>\r\n\t\t<div class=\"toggle-content\">\r\n\t\t<h3 class=\"entry-title\" style=\"display: none;\">Passend f\u00fcr alles<\/h3><span class=\"vcard\" style=\"display: none;\"><span class=\"fn\"><a href=\"https:\/\/www.ruhrpott-griller.de\/shop\/author\/menken\/\" title=\"Beitr\u00e4ge von menken\" rel=\"author\">menken<\/a><\/span><\/span><span class=\"updated\" style=\"display:none\">2021-02-19T19:18:55+01:00<\/span>...jedes einzelne unserer Produkte passt in jegliche Einkauftasche, egal ob aus Papier, Bambus, Plastik (b\u00e4h), oder Jute...\t\t<\/div>\r\n\t<\/section>\r\n<\/div>\r\n\t\t<\/div>\r\n\r\n\t\t\r\n\t<\/div>\r\n\r\n\t\r\n\t<\/div>[\/vc_column][\/vc_row]<\/p>\n<\/div>","protected":false},"excerpt":{"rendered":"<p>[vc_row wrap_container=&#8220;yes&#8220; el_class=&#8220;m-t-md&#8220;][vc_column width=&#8220;1\/2&#8243;][vc_custom_heading text=&#8220;Hier zu Hause: Qualit\u00e4t aus NRW&#8220; use_theme_fonts=&#8220;yes&#8220;][vc_column_text]Mehr als 100 Jahre Familien- und Firmengeschichte, das ist Menken: Fest verwurzelt im Ruhrgebiet, bodenst\u00e4ndig und traditionsbewusst \u2013 dabei modern und zukunftsorientiert. Fleischermeister Fritz Menken gr\u00fcndete im Jahre 1909 im Kreis Recklinghausen seinen Betrieb zur Herstellung von Wurstwaren. Inzwischen wird das Unternehmen in Gladbeck in [&hellip;]<\/p>\n","protected":false},"author":1,"featured_media":0,"parent":0,"menu_order":0,"comment_status":"closed","ping_status":"closed","template":"","meta":{"footnotes":""},"class_list":["post-73","page","type-page","status-publish","hentry"],"_links":{"self":[{"href":"https:\/\/www.ruhrpott-griller.de\/shop\/wp-json\/wp\/v2\/pages\/73","targetHints":{"allow":["GET"]}}],"collection":[{"href":"https:\/\/www.ruhrpott-griller.de\/shop\/wp-json\/wp\/v2\/pages"}],"about":[{"href":"https:\/\/www.ruhrpott-griller.de\/shop\/wp-json\/wp\/v2\/types\/page"}],"author":[{"embeddable":true,"href":"https:\/\/www.ruhrpott-griller.de\/shop\/wp-json\/wp\/v2\/users\/1"}],"replies":[{"embeddable":true,"href":"https:\/\/www.ruhrpott-griller.de\/shop\/wp-json\/wp\/v2\/comments?post=73"}],"version-history":[{"count":22,"href":"https:\/\/www.ruhrpott-griller.de\/shop\/wp-json\/wp\/v2\/pages\/73\/revisions"}],"predecessor-version":[{"id":5424,"href":"https:\/\/www.ruhrpott-griller.de\/shop\/wp-json\/wp\/v2\/pages\/73\/revisions\/5424"}],"wp:attachment":[{"href":"https:\/\/www.ruhrpott-griller.de\/shop\/wp-json\/wp\/v2\/media?parent=73"}],"curies":[{"name":"wp","href":"https:\/\/api.w.org\/{rel}","templated":true}]}}