{"id":4921,"date":"2021-02-10T22:53:16","date_gmt":"2021-02-10T21:53:16","guid":{"rendered":"https:\/\/www.ruhrpott-griller.de\/shop\/?post_type=product&#038;p=4921"},"modified":"2021-03-23T08:38:21","modified_gmt":"2021-03-23T07:38:21","slug":"ruhrpott-griller-krakauer-kaese","status":"publish","type":"product","link":"https:\/\/www.ruhrpott-griller.de\/shop\/produkt\/ruhrpott-griller-krakauer-kaese\/","title":{"rendered":"Ruhrpott-Griller &#8211; Krakauer K\u00e4se"},"content":{"rendered":"<p>Feine Krakauer mit K\u00e4se, gebr\u00fcht<\/p>\n<p>5 x 110 Gramm<\/p>\n","protected":false},"excerpt":{"rendered":"<p>Feine Krakauer mit K\u00e4se, gebr\u00fcht<\/p>\n<p>5 x 110 Gramm<\/p>\n<div id=\"gtx-trans\" style=\"position: absolute; left: 87px; top: 38px;\">\n<div class=\"gtx-trans-icon\"><\/div>\n<\/div>\n","protected":false},"featured_media":5019,"comment_status":"open","ping_status":"closed","template":"","meta":[],"product_brand":[],"product_cat":[103],"product_tag":[106,220,227,107,104,105],"class_list":{"0":"post-4921","1":"product","2":"type-product","3":"status-publish","4":"has-post-thumbnail","6":"product_cat-ruhrpott-griller","7":"product_tag-grillwurst","8":"product_tag-kaese","9":"product_tag-krakauer","10":"product_tag-menken","11":"product_tag-ruhrpott-griller","12":"product_tag-wurst","14":"first","15":"instock","16":"featured","17":"taxable","18":"shipping-taxable","19":"purchasable","20":"product-type-simple"},"_links":{"self":[{"href":"https:\/\/www.ruhrpott-griller.de\/shop\/wp-json\/wp\/v2\/product\/4921","targetHints":{"allow":["GET"]}}],"collection":[{"href":"https:\/\/www.ruhrpott-griller.de\/shop\/wp-json\/wp\/v2\/product"}],"about":[{"href":"https:\/\/www.ruhrpott-griller.de\/shop\/wp-json\/wp\/v2\/types\/product"}],"replies":[{"embeddable":true,"href":"https:\/\/www.ruhrpott-griller.de\/shop\/wp-json\/wp\/v2\/comments?post=4921"}],"wp:featuredmedia":[{"embeddable":true,"href":"https:\/\/www.ruhrpott-griller.de\/shop\/wp-json\/wp\/v2\/media\/5019"}],"wp:attachment":[{"href":"https:\/\/www.ruhrpott-griller.de\/shop\/wp-json\/wp\/v2\/media?parent=4921"}],"wp:term":[{"taxonomy":"product_brand","embeddable":true,"href":"https:\/\/www.ruhrpott-griller.de\/shop\/wp-json\/wp\/v2\/product_brand?post=4921"},{"taxonomy":"product_cat","embeddable":true,"href":"https:\/\/www.ruhrpott-griller.de\/shop\/wp-json\/wp\/v2\/product_cat?post=4921"},{"taxonomy":"product_tag","embeddable":true,"href":"https:\/\/www.ruhrpott-griller.de\/shop\/wp-json\/wp\/v2\/product_tag?post=4921"}],"curies":[{"name":"wp","href":"https:\/\/api.w.org\/{rel}","templated":true}]}}