{"id":5102,"date":"2021-02-18T13:21:05","date_gmt":"2021-02-18T12:21:05","guid":{"rendered":"https:\/\/www.ruhrpott-griller.de\/shop\/?post_type=product&#038;p=5102"},"modified":"2021-03-23T08:07:27","modified_gmt":"2021-03-23T07:07:27","slug":"daeumlinge-mit-kaese","status":"publish","type":"product","link":"https:\/\/www.ruhrpott-griller.de\/shop\/produkt\/daeumlinge-mit-kaese\/","title":{"rendered":"D\u00e4umlinge mit K\u00e4se"},"content":{"rendered":"<p>D\u00e4umlinge mit K\u00e4se<\/p>\n<p>10 x 25 Gramm<\/p>\n","protected":false},"excerpt":{"rendered":"<p>D\u00e4umlinge mit K\u00e4se<\/p>\n<p>10 x 25 Gramm<\/p>\n","protected":false},"featured_media":5015,"comment_status":"open","ping_status":"closed","template":"","meta":[],"product_brand":[],"product_cat":[241],"product_tag":[242,220,107,105],"class_list":{"0":"post-5102","1":"product","2":"type-product","3":"status-publish","4":"has-post-thumbnail","6":"product_cat-daeumlinge","7":"product_tag-daeumlinge","8":"product_tag-kaese","9":"product_tag-menken","10":"product_tag-wurst","12":"first","13":"instock","14":"taxable","15":"shipping-taxable","16":"purchasable","17":"product-type-simple"},"_links":{"self":[{"href":"https:\/\/www.ruhrpott-griller.de\/shop\/wp-json\/wp\/v2\/product\/5102","targetHints":{"allow":["GET"]}}],"collection":[{"href":"https:\/\/www.ruhrpott-griller.de\/shop\/wp-json\/wp\/v2\/product"}],"about":[{"href":"https:\/\/www.ruhrpott-griller.de\/shop\/wp-json\/wp\/v2\/types\/product"}],"replies":[{"embeddable":true,"href":"https:\/\/www.ruhrpott-griller.de\/shop\/wp-json\/wp\/v2\/comments?post=5102"}],"wp:featuredmedia":[{"embeddable":true,"href":"https:\/\/www.ruhrpott-griller.de\/shop\/wp-json\/wp\/v2\/media\/5015"}],"wp:attachment":[{"href":"https:\/\/www.ruhrpott-griller.de\/shop\/wp-json\/wp\/v2\/media?parent=5102"}],"wp:term":[{"taxonomy":"product_brand","embeddable":true,"href":"https:\/\/www.ruhrpott-griller.de\/shop\/wp-json\/wp\/v2\/product_brand?post=5102"},{"taxonomy":"product_cat","embeddable":true,"href":"https:\/\/www.ruhrpott-griller.de\/shop\/wp-json\/wp\/v2\/product_cat?post=5102"},{"taxonomy":"product_tag","embeddable":true,"href":"https:\/\/www.ruhrpott-griller.de\/shop\/wp-json\/wp\/v2\/product_tag?post=5102"}],"curies":[{"name":"wp","href":"https:\/\/api.w.org\/{rel}","templated":true}]}}