{"id":5105,"date":"2021-02-18T13:30:18","date_gmt":"2021-02-18T12:30:18","guid":{"rendered":"https:\/\/www.ruhrpott-griller.de\/shop\/?post_type=product&#038;p=5105"},"modified":"2021-03-23T08:07:25","modified_gmt":"2021-03-23T07:07:25","slug":"ruhrpott-mettenden","status":"publish","type":"product","link":"https:\/\/www.ruhrpott-griller.de\/shop\/produkt\/ruhrpott-mettenden\/","title":{"rendered":"Ruhrpott Mettenden"},"content":{"rendered":"<p>Ruhrpott Mettenden<\/p>\n<p>4 x 75 Gramm<\/p>\n<p><span style=\"font-size: 12px;\"><strong>Zutaten:<\/strong> Schweinefleisch, Speck, Speisesalz, Gew\u00fcrze (enth\u00e4lt Gelbsenfmehl), Antioxidationsmittel, Ascorbins\u00e4ure, Natriumascorbat, S\u00e4uerungsmittel: Glucono-delta-Lacton, Citronens\u00e4ure, Dextrose, Gew\u00fcrzextrakt, Konservierungsstoff: Natriumnitrit, Schweinedarm, Buchenholzrauch.<\/span><\/p>\n","protected":false},"excerpt":{"rendered":"<p>Ruhrpott Mettenden<\/p>\n<p>4 x 75 Gramm<\/p>\n<p><span style=\"font-size: 12px;\"><strong>Zutaten:<\/strong> Schweinefleisch, Speck, Speisesalz, Gew\u00fcrze (enth\u00e4lt Gelbsenfmehl), Antioxidationsmittel, Ascorbins\u00e4ure, Natriumascorbat, S\u00e4uerungsmittel: Glucono-delta-Lacton, Citronens\u00e4ure, Dextrose, Gew\u00fcrzextrakt, Konservierungsstoff: Natriumnitrit, Schweinedarm, Buchenholzrauch.<\/span><\/p>\n","protected":false},"featured_media":5009,"comment_status":"open","ping_status":"closed","template":"","meta":[],"product_brand":[],"product_cat":[248],"product_tag":[107,250,251,249,105],"class_list":{"0":"post-5105","1":"product","2":"type-product","3":"status-publish","4":"has-post-thumbnail","6":"product_cat-mettwurst","7":"product_tag-menken","8":"product_tag-mettenden","9":"product_tag-mettwurst","10":"product_tag-ruhrpott","11":"product_tag-wurst","13":"first","14":"instock","15":"taxable","16":"shipping-taxable","17":"purchasable","18":"product-type-simple"},"_links":{"self":[{"href":"https:\/\/www.ruhrpott-griller.de\/shop\/wp-json\/wp\/v2\/product\/5105","targetHints":{"allow":["GET"]}}],"collection":[{"href":"https:\/\/www.ruhrpott-griller.de\/shop\/wp-json\/wp\/v2\/product"}],"about":[{"href":"https:\/\/www.ruhrpott-griller.de\/shop\/wp-json\/wp\/v2\/types\/product"}],"replies":[{"embeddable":true,"href":"https:\/\/www.ruhrpott-griller.de\/shop\/wp-json\/wp\/v2\/comments?post=5105"}],"wp:featuredmedia":[{"embeddable":true,"href":"https:\/\/www.ruhrpott-griller.de\/shop\/wp-json\/wp\/v2\/media\/5009"}],"wp:attachment":[{"href":"https:\/\/www.ruhrpott-griller.de\/shop\/wp-json\/wp\/v2\/media?parent=5105"}],"wp:term":[{"taxonomy":"product_brand","embeddable":true,"href":"https:\/\/www.ruhrpott-griller.de\/shop\/wp-json\/wp\/v2\/product_brand?post=5105"},{"taxonomy":"product_cat","embeddable":true,"href":"https:\/\/www.ruhrpott-griller.de\/shop\/wp-json\/wp\/v2\/product_cat?post=5105"},{"taxonomy":"product_tag","embeddable":true,"href":"https:\/\/www.ruhrpott-griller.de\/shop\/wp-json\/wp\/v2\/product_tag?post=5105"}],"curies":[{"name":"wp","href":"https:\/\/api.w.org\/{rel}","templated":true}]}}